{"id":11194,"date":"2024-05-17T18:00:03","date_gmt":"2024-05-17T18:00:03","guid":{"rendered":"https:\/\/glowup.ee\/?post_type=product&#038;p=11194"},"modified":"2024-05-17T18:22:46","modified_gmt":"2024-05-17T18:22:46","slug":"kira-nails-liquid-gel-002-piimjas-15-ml","status":"publish","type":"product","link":"https:\/\/glowup.ee\/et\/toode\/kira-nails-liquid-gel-002-piimjas-15-ml\/","title":{"rendered":"Kira Nails Liquid Gel 002 Piimjas 15 ml"},"content":{"rendered":"<p>Kira Nails Liquid Gel 002 Piimjas 15 ml &#8211; on vedel materjal, mis pealekandmisel meenutab geel-lakki, kuid omab k\u00f5va geeli omadusi.<\/p>\n<p>Sobib k\u00fc\u00fcnte tugevdamiseks, pealis- v\u00f5i aluskihil pikendamiseks. Sellega on lihtne t\u00f6\u00f6tada ilma viilimistehnikata. Kandub kergesti peale, isetasandub ja ei valgu laiali.<\/p>\n<p>Materjal on k\u00f5va, seega ei kahane. Ei tekita lambis kuumalaineid, sobib suurep\u00e4raselt tasandamiseks ja ei p\u00f5hjusta k\u00fc\u00fcneplaadi p\u00f5letust. Parema nakkuvuse tagamiseks on alusena vajalik \u00f5huke kiht happelist alust. Saab kanda ka ilma aluskihita, kasutades eelnevalt happelist v\u00f5i happeta praimerit.<\/p>\n<p>Kira Liquid Geelide omadused:<\/p>\n<p>suurep\u00e4rane tooni valik: naturaalsest kamuflaa\u017eist kuni erksate suvetoonideni;<\/p>\n<p>keskmine viskoossus v\u00f5imaldab t\u00f6\u00f6tada ilma viilimistehnikata;<\/p>\n<p>ei tekita lambis kuumalaineid;<\/p>\n<p>tasandub suurep\u00e4raselt.<\/p>\n<p>Pol\u00fcmerisatsiooniaeg UV-lambis &#8211; 2 minutit, LED-lambis v\u00f5i h\u00fcbriidis &#8211; 60 sekundit.<\/p>\n","protected":false},"excerpt":{"rendered":"<p>Kira Nails Liquid Gel 002 Piimjas 15 ml &#8211; on vedel materjal, mis pealekandmisel meenutab geel-lakki, kuid omab k\u00f5va geeli<\/p>\n","protected":false},"featured_media":11205,"comment_status":"open","ping_status":"closed","template":"","meta":[],"product_cat":[284,278,128],"product_tag":[],"_links":{"self":[{"href":"https:\/\/glowup.ee\/et\/wp-json\/wp\/v2\/product\/11194"}],"collection":[{"href":"https:\/\/glowup.ee\/et\/wp-json\/wp\/v2\/product"}],"about":[{"href":"https:\/\/glowup.ee\/et\/wp-json\/wp\/v2\/types\/product"}],"replies":[{"embeddable":true,"href":"https:\/\/glowup.ee\/et\/wp-json\/wp\/v2\/comments?post=11194"}],"wp:featuredmedia":[{"embeddable":true,"href":"https:\/\/glowup.ee\/et\/wp-json\/wp\/v2\/media\/11205"}],"wp:attachment":[{"href":"https:\/\/glowup.ee\/et\/wp-json\/wp\/v2\/media?parent=11194"}],"wp:term":[{"taxonomy":"product_cat","embeddable":true,"href":"https:\/\/glowup.ee\/et\/wp-json\/wp\/v2\/product_cat?post=11194"},{"taxonomy":"product_tag","embeddable":true,"href":"https:\/\/glowup.ee\/et\/wp-json\/wp\/v2\/product_tag?post=11194"}],"curies":[{"name":"wp","href":"https:\/\/api.w.org\/{rel}","templated":true}]}}