{"id":11188,"date":"2024-05-12T15:50:58","date_gmt":"2024-05-12T15:50:58","guid":{"rendered":"https:\/\/glowup.ee\/?post_type=product&#038;p=11188"},"modified":"2024-05-17T19:19:31","modified_gmt":"2024-05-17T19:19:31","slug":"kira-nails-builder-geel-009-piimjas-roosa-30-ml","status":"publish","type":"product","link":"https:\/\/glowup.ee\/et\/toode\/kira-nails-builder-geel-009-piimjas-roosa-30-ml\/","title":{"rendered":"Kira Nails Builder Geel 009 Piimjas Roosa 30 ml"},"content":{"rendered":"<p>Kira Nails Builder Geel 009 Piimjas Roosa 30 ml \u2013 on professionaalne k\u00fc\u00fcneehituse geel, mis on loodud manik\u00fc\u00fcri meistri mugavaimaks t\u00f6\u00f6ks.<\/p>\n<p>Geeli peamine eelis on selle tekstuur: see on m\u00f5\u00f5dukalt paks, ei voola \u00fcldse, v\u00f5imaldades meistril t\u00f6\u00f6tada oma tempos. Samas omab see suurep\u00e4raseid isetasanduvaid omadusi, sarnaselt vedelamatele geelidele. See t\u00e4idab kergesti k\u00fc\u00fcneplaadi ebatasasused ja tasandub ideaalse l\u00e4ike saamiseks.<\/p>\n<p>Kira Nails Builder Geeli peamised eelised:<\/p>\n<p>keskmine viskoossus, ei voola, lihtne kujundada;<\/p>\n<p>isetasanduv, h\u00f5lbustades meistri t\u00f6\u00f6d ja minimeerides viilimist;<\/p>\n<p>sobib k\u00fc\u00fcneplaadi tugevdamiseks ja suure pikkusega ehitamiseks;<\/p>\n<p>ei p\u00f5hjusta pol\u00fcmeriseerumisel lambis kuumalaineid.<\/p>\n<p>Kira Nails Builder Gel on ideaalne lahendus k\u00fc\u00fcnte ehitamiseks igas keerukusastmes. See tagab suurep\u00e4rased tulemused ja vastab k\u00f5ikidele meistrite ja nende klientide n\u00f5udmistele.<\/p>\n","protected":false},"excerpt":{"rendered":"<p>Kira Nails Builder Geel 009 Piimjas Roosa 30 ml \u2013 on professionaalne k\u00fc\u00fcneehituse geel, mis on loodud manik\u00fc\u00fcri meistri mugavaimaks<\/p>\n","protected":false},"featured_media":11190,"comment_status":"open","ping_status":"closed","template":"","meta":[],"product_cat":[284,276,128],"product_tag":[],"_links":{"self":[{"href":"https:\/\/glowup.ee\/et\/wp-json\/wp\/v2\/product\/11188"}],"collection":[{"href":"https:\/\/glowup.ee\/et\/wp-json\/wp\/v2\/product"}],"about":[{"href":"https:\/\/glowup.ee\/et\/wp-json\/wp\/v2\/types\/product"}],"replies":[{"embeddable":true,"href":"https:\/\/glowup.ee\/et\/wp-json\/wp\/v2\/comments?post=11188"}],"wp:featuredmedia":[{"embeddable":true,"href":"https:\/\/glowup.ee\/et\/wp-json\/wp\/v2\/media\/11190"}],"wp:attachment":[{"href":"https:\/\/glowup.ee\/et\/wp-json\/wp\/v2\/media?parent=11188"}],"wp:term":[{"taxonomy":"product_cat","embeddable":true,"href":"https:\/\/glowup.ee\/et\/wp-json\/wp\/v2\/product_cat?post=11188"},{"taxonomy":"product_tag","embeddable":true,"href":"https:\/\/glowup.ee\/et\/wp-json\/wp\/v2\/product_tag?post=11188"}],"curies":[{"name":"wp","href":"https:\/\/api.w.org\/{rel}","templated":true}]}}