{"id":11136,"date":"2024-05-12T11:28:40","date_gmt":"2024-05-12T11:28:40","guid":{"rendered":"https:\/\/glowup.ee\/?post_type=product&#038;p=11136"},"modified":"2024-05-12T11:43:58","modified_gmt":"2024-05-12T11:43:58","slug":"kira-nails-no-wipe-must-geelvarv-5-ml","status":"publish","type":"product","link":"https:\/\/glowup.ee\/et\/toode\/kira-nails-no-wipe-must-geelvarv-5-ml\/","title":{"rendered":"Kira Nails No Wipe Must Geelv\u00e4rv 5 ml"},"content":{"rendered":"<p>Kira Nails Must (Must) ilma kleepuva kihita geelv\u00e4rv<\/p>\n<p>Geelv\u00e4rv ilma kleepuva kihita. M\u00f5eldud erinevate kujundite loomiseks: joonistused, ornamentid, geomeetrilised tr\u00fckised, samuti saab seda kasutada kogu k\u00fc\u00fcne pinna \u00fchev\u00e4rviliseks katmiseks.<\/p>\n<p>Geelv\u00e4rvid on h\u00e4sti pigmenteeritud, tihedad ja \u00fchtlaselt kantud, mis tagab kasutusmugavuse ja mitmekesisuse kujundite loomisel. Saate kiiresti joonistada isegi k\u00f5ige \u00f5hemad jooned \u00fches kihis &#8211; need j\u00e4\u00e4vad selged, erksad ja k\u00fcllastunud.<\/p>\n<p>Kira Nails geelv\u00e4rvide p\u00f5hilised omadused:<\/p>\n<p>Maht: 5ml.<\/p>\n<p>Pol\u00fcmerisatsiooniaeg UV-lambis: 2 minutit, LED \u2013 30 sekundit.<\/p>\n<p>Tootja: Kira Nails.<\/p>\n<p>P\u00e4ritoluriik: Ukraina.<\/p>\n","protected":false},"excerpt":{"rendered":"<p>Kira Nails Must (Must) ilma kleepuva kihita geelv\u00e4rv Geelv\u00e4rv ilma kleepuva kihita. M\u00f5eldud erinevate kujundite loomiseks: joonistused, ornamentid, geomeetrilised tr\u00fckised,<\/p>\n","protected":false},"featured_media":11141,"comment_status":"open","ping_status":"closed","template":"","meta":[],"product_cat":[293,266],"product_tag":[],"_links":{"self":[{"href":"https:\/\/glowup.ee\/et\/wp-json\/wp\/v2\/product\/11136"}],"collection":[{"href":"https:\/\/glowup.ee\/et\/wp-json\/wp\/v2\/product"}],"about":[{"href":"https:\/\/glowup.ee\/et\/wp-json\/wp\/v2\/types\/product"}],"replies":[{"embeddable":true,"href":"https:\/\/glowup.ee\/et\/wp-json\/wp\/v2\/comments?post=11136"}],"wp:featuredmedia":[{"embeddable":true,"href":"https:\/\/glowup.ee\/et\/wp-json\/wp\/v2\/media\/11141"}],"wp:attachment":[{"href":"https:\/\/glowup.ee\/et\/wp-json\/wp\/v2\/media?parent=11136"}],"wp:term":[{"taxonomy":"product_cat","embeddable":true,"href":"https:\/\/glowup.ee\/et\/wp-json\/wp\/v2\/product_cat?post=11136"},{"taxonomy":"product_tag","embeddable":true,"href":"https:\/\/glowup.ee\/et\/wp-json\/wp\/v2\/product_tag?post=11136"}],"curies":[{"name":"wp","href":"https:\/\/api.w.org\/{rel}","templated":true}]}}