{"id":11122,"date":"2024-05-12T10:55:16","date_gmt":"2024-05-12T10:55:16","guid":{"rendered":"https:\/\/glowup.ee\/?post_type=product&#038;p=11122"},"modified":"2024-05-12T11:16:55","modified_gmt":"2024-05-12T11:16:55","slug":"saga-stiff-geel-002-pastel-13-ml","status":"publish","type":"product","link":"https:\/\/glowup.ee\/et\/toode\/saga-stiff-geel-002-pastel-13-ml\/","title":{"rendered":"SAGA STIFF Geel 002 Pastel 13 ml"},"content":{"rendered":"<p>SAGA STIFF Geel 002 Pastel 13 ml &#8211; paks geel-\u017eelee k\u00fc\u00fcnte pikendamiseks, mis peaks olema igal meistril arsenalis!<\/p>\n<p>V\u00f5imaldab tugevdada k\u00fc\u00fcneplaati, teha k\u00fc\u00fcneparandust, pikendada k\u00fc\u00fcnepiiri v\u00f5i parandada katkiseid nurki.<\/p>\n<p>Geel on p\u00e4rast k\u00f5venemist v\u00e4ga vastupidav, ei p\u00f5hjusta lampis kuivamise ajal p\u00f5letustunnet. Soovitatakse kanda geeli parema nakkuvuse tagamiseks \u00f5hukene kiht happe-vaba aluslakki.<\/p>\n<p>SAGA STIFF geeli omadused:<\/p>\n<p>looduslikud kamuflaa\u017eitoonid;<\/p>\n<p>paks tekstuur, ideaalne paranduste ja pikenduste jaoks;<\/p>\n<p>ei p\u00f5hjusta lampis p\u00f5letustunnet;<\/p>\n<p>UV-lambi k\u00f5venemisaeg &#8211; 2 minutit;<\/p>\n<p>LED- v\u00f5i h\u00fcbriidlambi k\u00f5venemisaeg &#8211; 60 sekundit.<\/p>\n","protected":false},"excerpt":{"rendered":"<p>SAGA STIFF Geel 002 Pastel 13 ml &#8211; paks geel-\u017eelee k\u00fc\u00fcnte pikendamiseks, mis peaks olema igal meistril arsenalis! V\u00f5imaldab tugevdada<\/p>\n","protected":false},"featured_media":11130,"comment_status":"open","ping_status":"closed","template":"","meta":[],"product_cat":[287,290,128],"product_tag":[],"_links":{"self":[{"href":"https:\/\/glowup.ee\/et\/wp-json\/wp\/v2\/product\/11122"}],"collection":[{"href":"https:\/\/glowup.ee\/et\/wp-json\/wp\/v2\/product"}],"about":[{"href":"https:\/\/glowup.ee\/et\/wp-json\/wp\/v2\/types\/product"}],"replies":[{"embeddable":true,"href":"https:\/\/glowup.ee\/et\/wp-json\/wp\/v2\/comments?post=11122"}],"wp:featuredmedia":[{"embeddable":true,"href":"https:\/\/glowup.ee\/et\/wp-json\/wp\/v2\/media\/11130"}],"wp:attachment":[{"href":"https:\/\/glowup.ee\/et\/wp-json\/wp\/v2\/media?parent=11122"}],"wp:term":[{"taxonomy":"product_cat","embeddable":true,"href":"https:\/\/glowup.ee\/et\/wp-json\/wp\/v2\/product_cat?post=11122"},{"taxonomy":"product_tag","embeddable":true,"href":"https:\/\/glowup.ee\/et\/wp-json\/wp\/v2\/product_tag?post=11122"}],"curies":[{"name":"wp","href":"https:\/\/api.w.org\/{rel}","templated":true}]}}