{"id":11110,"date":"2024-05-07T15:16:03","date_gmt":"2024-05-07T15:16:03","guid":{"rendered":"https:\/\/glowup.ee\/?post_type=product&#038;p=11110"},"modified":"2024-05-07T15:32:11","modified_gmt":"2024-05-07T15:32:11","slug":"akruulgeel-kira-nails-sadelusega-virsik-30-ml","status":"publish","type":"product","link":"https:\/\/glowup.ee\/et\/toode\/akruulgeel-kira-nails-sadelusega-virsik-30-ml\/","title":{"rendered":"Akr\u00fc\u00fclgeel Kira Nails S\u00e4delusega Virsik 30 ml"},"content":{"rendered":"<p>Akr\u00fc\u00fclgeel Kira Nails S\u00e4delusega Virsik 30 ml &#8211; k\u00f5ige innovaatilisem materjal k\u00fc\u00fcnte tugevdamiseks ja pikendamiseks, kasutatav nii professionaalide kui ka neil-industrii uustulnukate poolt.<\/p>\n<p>Lihtne peale kanda, jaotub k\u00fc\u00fcneplaadile sujuvalt, ei valgu k\u00fc\u00fcnte k\u00fclgedele ning ei k\u00f5vene kohe, andes piisavalt aega t\u00e4iusliku k\u00fc\u00fcne arhitektuuri kujundamiseks.<\/p>\n<p>Eriti sobib \u00f5hukeste ja n\u00f5rkade k\u00fc\u00fcnte tugevdamiseks. Pol\u00fcmerisatsiooni ajal ei tekita lampis kuumuspiike, h\u00fcpoallergeenne, l\u00f5hnatu. Liimipuru ei teki viilimise ajal, kerge kujundada k\u00fc\u00fcne ideaalset vaba serva. Palett sisaldab k\u00f5ige n\u00f5utumaid toone: l\u00e4bipaistvast kuni roosani koos s\u00e4delusega.<\/p>\n","protected":false},"excerpt":{"rendered":"<p>Akr\u00fc\u00fclgeel Kira Nails S\u00e4delusega Virsik 30 ml &#8211; k\u00f5ige innovaatilisem materjal k\u00fc\u00fcnte tugevdamiseks ja pikendamiseks, kasutatav nii professionaalide kui ka<\/p>\n","protected":false},"featured_media":11118,"comment_status":"open","ping_status":"closed","template":"","meta":[],"product_cat":[281,111],"product_tag":[],"_links":{"self":[{"href":"https:\/\/glowup.ee\/et\/wp-json\/wp\/v2\/product\/11110"}],"collection":[{"href":"https:\/\/glowup.ee\/et\/wp-json\/wp\/v2\/product"}],"about":[{"href":"https:\/\/glowup.ee\/et\/wp-json\/wp\/v2\/types\/product"}],"replies":[{"embeddable":true,"href":"https:\/\/glowup.ee\/et\/wp-json\/wp\/v2\/comments?post=11110"}],"wp:featuredmedia":[{"embeddable":true,"href":"https:\/\/glowup.ee\/et\/wp-json\/wp\/v2\/media\/11118"}],"wp:attachment":[{"href":"https:\/\/glowup.ee\/et\/wp-json\/wp\/v2\/media?parent=11110"}],"wp:term":[{"taxonomy":"product_cat","embeddable":true,"href":"https:\/\/glowup.ee\/et\/wp-json\/wp\/v2\/product_cat?post=11110"},{"taxonomy":"product_tag","embeddable":true,"href":"https:\/\/glowup.ee\/et\/wp-json\/wp\/v2\/product_tag?post=11110"}],"curies":[{"name":"wp","href":"https:\/\/api.w.org\/{rel}","templated":true}]}}