{"id":11094,"date":"2024-05-07T13:59:51","date_gmt":"2024-05-07T13:59:51","guid":{"rendered":"https:\/\/glowup.ee\/?post_type=product&#038;p=11094"},"modified":"2024-05-07T16:26:39","modified_gmt":"2024-05-07T16:26:39","slug":"hard-gel-clear-kira-nails-ilma-lihvimiseta-30-ml","status":"publish","type":"product","link":"https:\/\/glowup.ee\/et\/toode\/hard-gel-clear-kira-nails-ilma-lihvimiseta-30-ml\/","title":{"rendered":"Hard Gel Clear Kira Nails (ilma lihvimiseta) 30 ml"},"content":{"rendered":"<p>Hard Gel Clear Kira Nails No File 001 30 ml &#8211; tiheda konsistentsiga geel k\u00fc\u00fcnte pikendamiseks ja tugevdamiseks. Seda saab kasutada nii \u00fchefaasilise kui ka kolmefaasilise materjalina.<\/p>\n<p>Lihtne peale kanda, jaotub k\u00fc\u00fcneplaadile \u00fchtlaselt. Unikaalne valem tagab pikaajalise kulumise ilma murenemise, koorumise v\u00f5i pragunemiseta.<\/p>\n<p>Loo ideaalne k\u00fc\u00fcne arhitektuur ilma t\u00e4iendava lihvimiseta. Lihtne kinnitada ja hoida kaart. Sobib kasutamiseks keeruliste kujude ja pikkade k\u00fc\u00fcnte ehitamisel.<\/p>\n","protected":false},"excerpt":{"rendered":"<p>Hard Gel Clear Kira Nails No File 001 30 ml &#8211; tiheda konsistentsiga geel k\u00fc\u00fcnte pikendamiseks ja tugevdamiseks. Seda saab<\/p>\n","protected":false},"featured_media":11096,"comment_status":"open","ping_status":"closed","template":"","meta":[],"product_cat":[276,128],"product_tag":[],"_links":{"self":[{"href":"https:\/\/glowup.ee\/et\/wp-json\/wp\/v2\/product\/11094"}],"collection":[{"href":"https:\/\/glowup.ee\/et\/wp-json\/wp\/v2\/product"}],"about":[{"href":"https:\/\/glowup.ee\/et\/wp-json\/wp\/v2\/types\/product"}],"replies":[{"embeddable":true,"href":"https:\/\/glowup.ee\/et\/wp-json\/wp\/v2\/comments?post=11094"}],"wp:featuredmedia":[{"embeddable":true,"href":"https:\/\/glowup.ee\/et\/wp-json\/wp\/v2\/media\/11096"}],"wp:attachment":[{"href":"https:\/\/glowup.ee\/et\/wp-json\/wp\/v2\/media?parent=11094"}],"wp:term":[{"taxonomy":"product_cat","embeddable":true,"href":"https:\/\/glowup.ee\/et\/wp-json\/wp\/v2\/product_cat?post=11094"},{"taxonomy":"product_tag","embeddable":true,"href":"https:\/\/glowup.ee\/et\/wp-json\/wp\/v2\/product_tag?post=11094"}],"curies":[{"name":"wp","href":"https:\/\/api.w.org\/{rel}","templated":true}]}}