{"id":11088,"date":"2024-04-15T04:21:09","date_gmt":"2024-04-15T04:21:09","guid":{"rendered":"https:\/\/glowup.ee\/?post_type=product&#038;p=11088"},"modified":"2024-04-15T04:36:35","modified_gmt":"2024-04-15T04:36:35","slug":"spider-gel-roks-05-kuldne-5-ml","status":"publish","type":"product","link":"https:\/\/glowup.ee\/et\/toode\/spider-gel-roks-05-kuldne-5-ml\/","title":{"rendered":"Spider Gel Roks 05 Kuldne 5 ml"},"content":{"rendered":"<p>Roks 05 Kuldne \u00c4mblikgeel 5 ml<\/p>\n<p>Materjal k\u00fc\u00fcnekunsti jaoks, mis on viskoosne v\u00e4ga pigmenteeritud geelv\u00e4rv, mis aitab luua peenemaid jooni, meenutades \u00e4mblikuv\u00f5rku.<\/p>\n<p>\u00c4mblikuv\u00f5rgu efekt saavutatakse sellep\u00e4rast, et materjal venib suurep\u00e4raselt dotting t\u00f6\u00f6riistaga v\u00f5i pintsliga ega rebene. \u00d5hukesed jooned j\u00e4\u00e4vad teravad ja erksad t\u00e4nu v\u00e4ga pigmenteeritud v\u00e4rvile.<\/p>\n<p>Materjaliga on v\u00e4ga lihtne t\u00f6\u00f6tada, sellega saab hakkama isegi alustav k\u00fc\u00fcnetehnik.<\/p>\n<p>\u00c4mblikgeelil pole kleepuvat kihti, see ei vaja pealiskihti. Kandke geellaki v\u00f5i viimistluskihi peale p\u00e4rast kleepuva kihi eemaldamist.<\/p>\n<p>Kuivab UV- ja LED-lampides vastavalt 2 minutit ja 30 sekundit.<\/p>\n<p>Roks 06 \u00c4mblikgeeli tehnilised andmed:<\/p>\n<p>V\u00e4rv: Kuldne<\/p>\n<p>Tootja: Roks<\/p>\n<p>P\u00e4ritoluriik: Ukraina<\/p>\n<p>Maht: 5 ml<\/p>\n<p>UV-lambi k\u00f5vastumisaeg: 2 minutit, LED \u2013 30 sekundit.<\/p>\n","protected":false},"excerpt":{"rendered":"<p>Roks 05 Kuldne \u00c4mblikgeel 5 ml Materjal k\u00fc\u00fcnekunsti jaoks, mis on viskoosne v\u00e4ga pigmenteeritud geelv\u00e4rv, mis aitab luua peenemaid jooni,<\/p>\n","protected":false},"featured_media":11090,"comment_status":"open","ping_status":"closed","template":"","meta":[],"product_cat":[266,269,272],"product_tag":[],"_links":{"self":[{"href":"https:\/\/glowup.ee\/et\/wp-json\/wp\/v2\/product\/11088"}],"collection":[{"href":"https:\/\/glowup.ee\/et\/wp-json\/wp\/v2\/product"}],"about":[{"href":"https:\/\/glowup.ee\/et\/wp-json\/wp\/v2\/types\/product"}],"replies":[{"embeddable":true,"href":"https:\/\/glowup.ee\/et\/wp-json\/wp\/v2\/comments?post=11088"}],"wp:featuredmedia":[{"embeddable":true,"href":"https:\/\/glowup.ee\/et\/wp-json\/wp\/v2\/media\/11090"}],"wp:attachment":[{"href":"https:\/\/glowup.ee\/et\/wp-json\/wp\/v2\/media?parent=11088"}],"wp:term":[{"taxonomy":"product_cat","embeddable":true,"href":"https:\/\/glowup.ee\/et\/wp-json\/wp\/v2\/product_cat?post=11088"},{"taxonomy":"product_tag","embeddable":true,"href":"https:\/\/glowup.ee\/et\/wp-json\/wp\/v2\/product_tag?post=11088"}],"curies":[{"name":"wp","href":"https:\/\/api.w.org\/{rel}","templated":true}]}}