{"id":11075,"date":"2024-04-05T12:09:37","date_gmt":"2024-04-05T12:09:37","guid":{"rendered":"https:\/\/glowup.ee\/?post_type=product&#038;p=11075"},"modified":"2024-04-05T12:29:08","modified_gmt":"2024-04-05T12:29:08","slug":"happevaba-primer-kodi-ultrabond-15-ml","status":"publish","type":"product","link":"https:\/\/glowup.ee\/et\/toode\/happevaba-primer-kodi-ultrabond-15-ml\/","title":{"rendered":"Happevaba primer Kodi ULTRABOND 15 ml"},"content":{"rendered":"<p>Aluskiht Ultrabond primer geellaki v\u00f5i k\u00fc\u00fcnte pikendamise jaoks. T\u00f6\u00f6tab kahepoolse kleeplindina baasi ja loodusliku k\u00fc\u00fcneplaadi liitumise protsessis.<\/p>\n<p>Happevaba primer Kodi ULTRABOND sobib suurep\u00e4raselt nii geeli kui ka akr\u00fc\u00fcls\u00fcsteemide jaoks. See on \u00f6konoomne ja tagab k\u00fc\u00fcnte lihtsa ja mugava modelleerimise.<\/p>\n<p>Maht: 15 ml<\/p>\n","protected":false},"excerpt":{"rendered":"<p>Aluskiht Ultrabond primer geellaki v\u00f5i k\u00fc\u00fcnte pikendamise jaoks. T\u00f6\u00f6tab kahepoolse kleeplindina baasi ja loodusliku k\u00fc\u00fcneplaadi liitumise protsessis. Happevaba primer Kodi<\/p>\n","protected":false},"featured_media":11078,"comment_status":"open","ping_status":"closed","template":"","meta":[],"product_cat":[112,260,263],"product_tag":[],"_links":{"self":[{"href":"https:\/\/glowup.ee\/et\/wp-json\/wp\/v2\/product\/11075"}],"collection":[{"href":"https:\/\/glowup.ee\/et\/wp-json\/wp\/v2\/product"}],"about":[{"href":"https:\/\/glowup.ee\/et\/wp-json\/wp\/v2\/types\/product"}],"replies":[{"embeddable":true,"href":"https:\/\/glowup.ee\/et\/wp-json\/wp\/v2\/comments?post=11075"}],"wp:featuredmedia":[{"embeddable":true,"href":"https:\/\/glowup.ee\/et\/wp-json\/wp\/v2\/media\/11078"}],"wp:attachment":[{"href":"https:\/\/glowup.ee\/et\/wp-json\/wp\/v2\/media?parent=11075"}],"wp:term":[{"taxonomy":"product_cat","embeddable":true,"href":"https:\/\/glowup.ee\/et\/wp-json\/wp\/v2\/product_cat?post=11075"},{"taxonomy":"product_tag","embeddable":true,"href":"https:\/\/glowup.ee\/et\/wp-json\/wp\/v2\/product_tag?post=11075"}],"curies":[{"name":"wp","href":"https:\/\/api.w.org\/{rel}","templated":true}]}}