{"id":11069,"date":"2024-04-05T11:38:17","date_gmt":"2024-04-05T11:38:17","guid":{"rendered":"https:\/\/glowup.ee\/?post_type=product&#038;p=11069"},"modified":"2024-04-05T11:53:41","modified_gmt":"2024-04-05T11:53:41","slug":"happega-primer-kodi-primer-10-ml","status":"publish","type":"product","link":"https:\/\/glowup.ee\/et\/toode\/happega-primer-kodi-primer-10-ml\/","title":{"rendered":"Happega primer Kodi PRIMER 10 ml"},"content":{"rendered":"<p>Primer &#8211; valmistatud metakr\u00fc\u00fclhappe baasil. Kanda ainult looduslikule k\u00fc\u00fcnele v\u00e4ikeses koguses, nahka k\u00fc\u00fcne \u00fcmber mitte puudutades, enne kunstk\u00fc\u00fcnte paigaldamist. Ei kahjusta k\u00fc\u00fcneplaati. Tagab loodusliku k\u00fc\u00fcneplaadi tugeva nakkumise kunstmaterjaliga.<\/p>\n<p>Maht: 10 ml<\/p>\n","protected":false},"excerpt":{"rendered":"<p>Primer &#8211; valmistatud metakr\u00fc\u00fclhappe baasil. Kanda ainult looduslikule k\u00fc\u00fcnele v\u00e4ikeses koguses, nahka k\u00fc\u00fcne \u00fcmber mitte puudutades, enne kunstk\u00fc\u00fcnte paigaldamist. Ei<\/p>\n","protected":false},"featured_media":11072,"comment_status":"open","ping_status":"closed","template":"","meta":[],"product_cat":[112,260,263],"product_tag":[],"_links":{"self":[{"href":"https:\/\/glowup.ee\/et\/wp-json\/wp\/v2\/product\/11069"}],"collection":[{"href":"https:\/\/glowup.ee\/et\/wp-json\/wp\/v2\/product"}],"about":[{"href":"https:\/\/glowup.ee\/et\/wp-json\/wp\/v2\/types\/product"}],"replies":[{"embeddable":true,"href":"https:\/\/glowup.ee\/et\/wp-json\/wp\/v2\/comments?post=11069"}],"wp:featuredmedia":[{"embeddable":true,"href":"https:\/\/glowup.ee\/et\/wp-json\/wp\/v2\/media\/11072"}],"wp:attachment":[{"href":"https:\/\/glowup.ee\/et\/wp-json\/wp\/v2\/media?parent=11069"}],"wp:term":[{"taxonomy":"product_cat","embeddable":true,"href":"https:\/\/glowup.ee\/et\/wp-json\/wp\/v2\/product_cat?post=11069"},{"taxonomy":"product_tag","embeddable":true,"href":"https:\/\/glowup.ee\/et\/wp-json\/wp\/v2\/product_tag?post=11069"}],"curies":[{"name":"wp","href":"https:\/\/api.w.org\/{rel}","templated":true}]}}