{"id":11045,"date":"2024-04-04T04:17:35","date_gmt":"2024-04-04T04:17:35","guid":{"rendered":"https:\/\/glowup.ee\/?post_type=product&#038;p=11045"},"modified":"2024-04-04T04:36:31","modified_gmt":"2024-04-04T04:36:31","slug":"tagavara-plokk-papmam-valge-faililindirull-plastikust-bobbinail-staleks-pro-100-teralisusega-7-m-atsc-100w","status":"publish","type":"product","link":"https:\/\/glowup.ee\/et\/toode\/tagavara-plokk-papmam-valge-faililindirull-plastikust-bobbinail-staleks-pro-100-teralisusega-7-m-atsc-100w\/","title":{"rendered":"Tagavara plokk papmAm valge faililindirull plastikust Bobbinail STALEKS PRO 100 teralisusega (7 m) (ATSC-100w)"},"content":{"rendered":"<p>Tagavara plokk papmAm valge faililindirull plastikust Bobbinail STALEKS PRO 100 teralisusega (7 m) (ATSC-100w)<\/p>\n<p>See Staleksi v\u00e4lja t\u00f6\u00f6tatud loov ja v\u00e4rvikas manik\u00fc\u00fcri meistri t\u00f6\u00f6riist p\u00e4rineb jaapani keeles t\u00e4hendab s\u00f5na \u201eponchik\u201d pirukat, mis on valmistatud rullist abrasiivsest failikestast manik\u00fc\u00fcrifailidele.<\/p>\n<p>Varulaiend Staleksi pirukale on samasuguses erksas ja ilusas pakendis.<\/p>\n<p>Teravuse k\u00f5vadus on 100 teralist.<\/p>\n<p>Rulli pikkus on 7 meetrit &#8211; piisavalt 100 abrasiivvahetuseks manik\u00fc\u00fcrifailil. Siiski saab meister alati s\u00e4\u00e4sta, m\u00f5\u00f5tes vajaliku pikkuse igale manik\u00fc\u00fcri viilile.<\/p>\n<p>Selle t\u00f6\u00f6riista eeliseid on palju:<\/p>\n<ul>\n<li>Usaldusv\u00e4\u00e4rsus &#8211; faililint kinnitub alusele h\u00e4sti ja on lihtne peale panna.<\/li>\n<li>Ohutus &#8211; abrasiivlint on m\u00f5eldud individuaalseks \u00fchekordseks kasutamiseks, tagades maksimaalse ohutuse kliendile. P\u00e4rast kasutamist eemaldatakse ja utiliseeritakse abrasiiv, samal ajal kui manik\u00fc\u00fcri viilialus l\u00e4bib desinfitseerimist ja steriliseerimist.<\/li>\n<li>Kompaktsus ja vastupidavus &#8211; materjal on paigutatud plastikust pirukakujulisse korpusesse, kaitstes seda saastumise eest, ja mahub lihtsalt t\u00f6\u00f6lauale v\u00f5i koti sisse, kui meister t\u00f6\u00f6tab v\u00e4ljaspool stuudiot.<\/li>\n<\/ul>\n","protected":false},"excerpt":{"rendered":"<p>Tagavara plokk papmAm valge faililindirull plastikust Bobbinail STALEKS PRO 100 teralisusega (7 m) (ATSC-100w) See Staleksi v\u00e4lja t\u00f6\u00f6tatud loov ja<\/p>\n","protected":false},"featured_media":11051,"comment_status":"open","ping_status":"closed","template":"","meta":[],"product_cat":[114,248],"product_tag":[],"_links":{"self":[{"href":"https:\/\/glowup.ee\/et\/wp-json\/wp\/v2\/product\/11045"}],"collection":[{"href":"https:\/\/glowup.ee\/et\/wp-json\/wp\/v2\/product"}],"about":[{"href":"https:\/\/glowup.ee\/et\/wp-json\/wp\/v2\/types\/product"}],"replies":[{"embeddable":true,"href":"https:\/\/glowup.ee\/et\/wp-json\/wp\/v2\/comments?post=11045"}],"wp:featuredmedia":[{"embeddable":true,"href":"https:\/\/glowup.ee\/et\/wp-json\/wp\/v2\/media\/11051"}],"wp:attachment":[{"href":"https:\/\/glowup.ee\/et\/wp-json\/wp\/v2\/media?parent=11045"}],"wp:term":[{"taxonomy":"product_cat","embeddable":true,"href":"https:\/\/glowup.ee\/et\/wp-json\/wp\/v2\/product_cat?post=11045"},{"taxonomy":"product_tag","embeddable":true,"href":"https:\/\/glowup.ee\/et\/wp-json\/wp\/v2\/product_tag?post=11045"}],"curies":[{"name":"wp","href":"https:\/\/api.w.org\/{rel}","templated":true}]}}