{"id":11033,"date":"2024-04-04T03:58:16","date_gmt":"2024-04-04T03:58:16","guid":{"rendered":"https:\/\/glowup.ee\/?post_type=product&#038;p=11033"},"modified":"2024-04-04T04:14:11","modified_gmt":"2024-04-04T04:14:11","slug":"staleks-expert-20-uhekordne-puitbaas-50-tk-wbe-20-luhike-sirge","status":"publish","type":"product","link":"https:\/\/glowup.ee\/et\/toode\/staleks-expert-20-uhekordne-puitbaas-50-tk-wbe-20-luhike-sirge\/","title":{"rendered":"Staleks EXPERT 20 \u00dchekordne Puitbaas (50 tk.) (WBE-20) L\u00fchike sirge"},"content":{"rendered":"<p>Staleks EXPERT 20 \u00dchekordne Puitbaas (50 tk.) (WBE-20) L\u00fchike sirge<\/p>\n<p>\u00dchekordne puidust alus k\u00fc\u00fcnte viilimiseks, m\u00f5eldud professionaalseks kasutamiseks.<\/p>\n<p>Valmistatud keskkonnas\u00f5bralikust materjalist.<\/p>\n<p>Omab mugavat ergonoomilist kuju &#8211; l\u00fchike ja sirge, mis on paljudele tehnikutele tuttav.<\/p>\n<p>Abrasiiivide vahetamise v\u00f5imalus v\u00f5imaldab tehnikul valida igale kliendile optimaalse j\u00e4ikuse.<\/p>\n<p>T\u00f6\u00f6tamine \u00fchekordsete viilidega tagab maksimaalse kliendi kaitse.<\/p>\n<p>Suurus: 16,2 * 2 cm<\/p>\n","protected":false},"excerpt":{"rendered":"<p>Staleks EXPERT 20 \u00dchekordne Puitbaas (50 tk.) (WBE-20) L\u00fchike sirge \u00dchekordne puidust alus k\u00fc\u00fcnte viilimiseks, m\u00f5eldud professionaalseks kasutamiseks. Valmistatud keskkonnas\u00f5bralikust<\/p>\n","protected":false},"featured_media":11039,"comment_status":"open","ping_status":"closed","template":"","meta":[],"product_cat":[114,248],"product_tag":[],"_links":{"self":[{"href":"https:\/\/glowup.ee\/et\/wp-json\/wp\/v2\/product\/11033"}],"collection":[{"href":"https:\/\/glowup.ee\/et\/wp-json\/wp\/v2\/product"}],"about":[{"href":"https:\/\/glowup.ee\/et\/wp-json\/wp\/v2\/types\/product"}],"replies":[{"embeddable":true,"href":"https:\/\/glowup.ee\/et\/wp-json\/wp\/v2\/comments?post=11033"}],"wp:featuredmedia":[{"embeddable":true,"href":"https:\/\/glowup.ee\/et\/wp-json\/wp\/v2\/media\/11039"}],"wp:attachment":[{"href":"https:\/\/glowup.ee\/et\/wp-json\/wp\/v2\/media?parent=11033"}],"wp:term":[{"taxonomy":"product_cat","embeddable":true,"href":"https:\/\/glowup.ee\/et\/wp-json\/wp\/v2\/product_cat?post=11033"},{"taxonomy":"product_tag","embeddable":true,"href":"https:\/\/glowup.ee\/et\/wp-json\/wp\/v2\/product_tag?post=11033"}],"curies":[{"name":"wp","href":"https:\/\/api.w.org\/{rel}","templated":true}]}}