{"id":11015,"date":"2024-04-04T03:38:06","date_gmt":"2024-04-04T03:38:06","guid":{"rendered":"https:\/\/glowup.ee\/?post_type=product&#038;p=11015"},"modified":"2024-04-04T03:48:28","modified_gmt":"2024-04-04T03:48:28","slug":"kira-nails-kuunenahaoli-ananass-10-ml-pipetiga","status":"publish","type":"product","link":"https:\/\/glowup.ee\/et\/toode\/kira-nails-kuunenahaoli-ananass-10-ml-pipetiga\/","title":{"rendered":"Kira Nails K\u00fc\u00fcnenaha\u00f5li Ananass 10 ml Pipetiga"},"content":{"rendered":"<p>Kira Nails K\u00fc\u00fcnenaha\u00f5li Ananass 10 ml<\/p>\n<p>Kira Nails k\u00fc\u00fcnenaha\u00f5li meeldiva ananassi l\u00f5hnaga pehmendab t\u00f5husalt k\u00fc\u00fcnenahka. \u00d5li niisutab ja toidab nahka, kiirendab selle taastumisprotsessi ning parandab k\u00fc\u00fcnte seisundit. V\u00e4ike kogus \u00f5li kantakse soovitud piirkonnale ja masseeritakse sisse. Juba p\u00e4rast esimest kasutamist tunnete efekti: teie k\u00e4ed n\u00e4evad hoolitsetud ja korralikud v\u00e4lja ning selle \u00f5li meeldiv l\u00f5hn meenutab teile sooje muretuid p\u00e4evi. Mugav pakend pipetiga takistab bakteritel pudelisse sattumist, kuna nahaga kokkupuude on v\u00e4listatud, mis muudab selle v\u00e4ga mugavaks kasutamiseks k\u00fc\u00fcnetehnikutele ilusalongides.<\/p>\n<p>Kira Nails ananassi k\u00fc\u00fcnenaha\u00f5li peamised omadused:<\/p>\n<p>Maht: 10 ml<\/p>\n<p>L\u00f5hn: ananass<\/p>\n<p>Tootja: Kira Nails<\/p>\n","protected":false},"excerpt":{"rendered":"<p>Kira Nails K\u00fc\u00fcnenaha\u00f5li Ananass 10 ml Kira Nails k\u00fc\u00fcnenaha\u00f5li meeldiva ananassi l\u00f5hnaga pehmendab t\u00f5husalt k\u00fc\u00fcnenahka. \u00d5li niisutab ja toidab nahka,<\/p>\n","protected":false},"featured_media":11030,"comment_status":"open","ping_status":"closed","template":"","meta":[],"product_cat":[130,253,256],"product_tag":[],"_links":{"self":[{"href":"https:\/\/glowup.ee\/et\/wp-json\/wp\/v2\/product\/11015"}],"collection":[{"href":"https:\/\/glowup.ee\/et\/wp-json\/wp\/v2\/product"}],"about":[{"href":"https:\/\/glowup.ee\/et\/wp-json\/wp\/v2\/types\/product"}],"replies":[{"embeddable":true,"href":"https:\/\/glowup.ee\/et\/wp-json\/wp\/v2\/comments?post=11015"}],"wp:featuredmedia":[{"embeddable":true,"href":"https:\/\/glowup.ee\/et\/wp-json\/wp\/v2\/media\/11030"}],"wp:attachment":[{"href":"https:\/\/glowup.ee\/et\/wp-json\/wp\/v2\/media?parent=11015"}],"wp:term":[{"taxonomy":"product_cat","embeddable":true,"href":"https:\/\/glowup.ee\/et\/wp-json\/wp\/v2\/product_cat?post=11015"},{"taxonomy":"product_tag","embeddable":true,"href":"https:\/\/glowup.ee\/et\/wp-json\/wp\/v2\/product_tag?post=11015"}],"curies":[{"name":"wp","href":"https:\/\/api.w.org\/{rel}","templated":true}]}}