{"id":10953,"date":"2024-04-03T10:42:19","date_gmt":"2024-04-03T10:42:19","guid":{"rendered":"https:\/\/glowup.ee\/?post_type=product&#038;p=10953"},"modified":"2024-04-03T11:00:16","modified_gmt":"2024-04-03T11:00:16","slug":"opi-kuuneviil-100-120-komplektis-25-tk","status":"publish","type":"product","link":"https:\/\/glowup.ee\/et\/toode\/opi-kuuneviil-100-120-komplektis-25-tk\/","title":{"rendered":"OPI k\u00fc\u00fcneviil 100\/120 komplektis 25 tk."},"content":{"rendered":"<p>OPI k\u00fc\u00fcneviil 100\/120 komplektis 25 tk. \u2013 hall, poolkuu kujuga.<\/p>\n<p>Suurep\u00e4rane eelarvelahendus k\u00fc\u00fcneviilile, eriti algajatele meistritele, kes alles koguvad oma esmast t\u00f6\u00f6riistade komplekti.<\/p>\n<p>M\u00f5eldud mitmekordseks kasutamiseks, kerge desinfitseerida ja vastupidav.<\/p>\n","protected":false},"excerpt":{"rendered":"<p>OPI k\u00fc\u00fcneviil 100\/120 komplektis 25 tk. \u2013 hall, poolkuu kujuga. Suurep\u00e4rane eelarvelahendus k\u00fc\u00fcneviilile, eriti algajatele meistritele, kes alles koguvad oma<\/p>\n","protected":false},"featured_media":10956,"comment_status":"open","ping_status":"closed","template":"","meta":[],"product_cat":[114,248],"product_tag":[],"_links":{"self":[{"href":"https:\/\/glowup.ee\/et\/wp-json\/wp\/v2\/product\/10953"}],"collection":[{"href":"https:\/\/glowup.ee\/et\/wp-json\/wp\/v2\/product"}],"about":[{"href":"https:\/\/glowup.ee\/et\/wp-json\/wp\/v2\/types\/product"}],"replies":[{"embeddable":true,"href":"https:\/\/glowup.ee\/et\/wp-json\/wp\/v2\/comments?post=10953"}],"wp:featuredmedia":[{"embeddable":true,"href":"https:\/\/glowup.ee\/et\/wp-json\/wp\/v2\/media\/10956"}],"wp:attachment":[{"href":"https:\/\/glowup.ee\/et\/wp-json\/wp\/v2\/media?parent=10953"}],"wp:term":[{"taxonomy":"product_cat","embeddable":true,"href":"https:\/\/glowup.ee\/et\/wp-json\/wp\/v2\/product_cat?post=10953"},{"taxonomy":"product_tag","embeddable":true,"href":"https:\/\/glowup.ee\/et\/wp-json\/wp\/v2\/product_tag?post=10953"}],"curies":[{"name":"wp","href":"https:\/\/api.w.org\/{rel}","templated":true}]}}