{"id":10922,"date":"2024-03-29T09:31:00","date_gmt":"2024-03-29T09:31:00","guid":{"rendered":"https:\/\/glowup.ee\/?post_type=product&#038;p=10922"},"modified":"2024-03-29T09:39:03","modified_gmt":"2024-03-29T09:39:03","slug":"vahetatavad-papmam-failid-staleks-exclusive-22-sirgele-kuuneviilile-150-teralisusega-50-tk-dfcx-22-150","status":"publish","type":"product","link":"https:\/\/glowup.ee\/et\/toode\/vahetatavad-papmam-failid-staleks-exclusive-22-sirgele-kuuneviilile-150-teralisusega-50-tk-dfcx-22-150\/","title":{"rendered":"Vahetatavad papmAm-failid Staleks Exclusive 22 sirgele k\u00fc\u00fcneviilile 150 teralisusega (50 tk) (DFCX-22-150)"},"content":{"rendered":"<p>Vahetatavad papmAm-failid Staleks EXCLUSIVE 22 sirgele metallist k\u00fc\u00fcneviilile 150 teralisusega (50 tk) (DFCX-22-150)<\/p>\n<p>papmAm-vahetatavad failid metallist viilu alusele.<\/p>\n<p>papmAm-vahetatavad failid koosnevad kattest, millel on \u00fchel k\u00fcljel lihvimisosaga ja teisel k\u00fcljel kraftpaber.<\/p>\n<p>Viilu alus sobib katte sisse tihedalt. See annab meistrile lisavabaduse liikumiseks, kuna selle t\u00f6\u00f6riistaga on palju raskem l\u00f5igata viilu otsapinnaga.<\/p>\n<p>Katete viilude peamised eelised:<\/p>\n<ul>\n<li>Pole vaja t\u00e4pselt kleepida asendusfaili;<\/li>\n<li>Alus j\u00e4\u00e4b kasutamise j\u00e4rel puhtaks &#8211; pole j\u00e4\u00e4ke asendusfaili liimist;<\/li>\n<li>Asenduskate kui lihvaine on v\u00e4ga mugav t\u00f6\u00f6tada, turvalisem.<\/li>\n<\/ul>\n<p>Viilude jaoks kasutatav lihvaine on valmistatud kvaliteetsest r\u00e4nikarbiidist.<\/p>\n","protected":false},"excerpt":{"rendered":"<p>Vahetatavad papmAm-failid Staleks EXCLUSIVE 22 sirgele metallist k\u00fc\u00fcneviilile 150 teralisusega (50 tk) (DFCX-22-150) papmAm-vahetatavad failid metallist viilu alusele. papmAm-vahetatavad failid<\/p>\n","protected":false},"featured_media":10931,"comment_status":"open","ping_status":"closed","template":"","meta":[],"product_cat":[114,248],"product_tag":[],"_links":{"self":[{"href":"https:\/\/glowup.ee\/et\/wp-json\/wp\/v2\/product\/10922"}],"collection":[{"href":"https:\/\/glowup.ee\/et\/wp-json\/wp\/v2\/product"}],"about":[{"href":"https:\/\/glowup.ee\/et\/wp-json\/wp\/v2\/types\/product"}],"replies":[{"embeddable":true,"href":"https:\/\/glowup.ee\/et\/wp-json\/wp\/v2\/comments?post=10922"}],"wp:featuredmedia":[{"embeddable":true,"href":"https:\/\/glowup.ee\/et\/wp-json\/wp\/v2\/media\/10931"}],"wp:attachment":[{"href":"https:\/\/glowup.ee\/et\/wp-json\/wp\/v2\/media?parent=10922"}],"wp:term":[{"taxonomy":"product_cat","embeddable":true,"href":"https:\/\/glowup.ee\/et\/wp-json\/wp\/v2\/product_cat?post=10922"},{"taxonomy":"product_tag","embeddable":true,"href":"https:\/\/glowup.ee\/et\/wp-json\/wp\/v2\/product_tag?post=10922"}],"curies":[{"name":"wp","href":"https:\/\/api.w.org\/{rel}","templated":true}]}}