{"id":10910,"date":"2024-03-29T09:14:05","date_gmt":"2024-03-29T09:14:05","guid":{"rendered":"https:\/\/glowup.ee\/?post_type=product&#038;p=10910"},"modified":"2024-03-29T09:27:15","modified_gmt":"2024-03-29T09:27:15","slug":"vahetatavad-valged-liivapaberikatted-staleksi-expert-22-sirgele-kuuneviilile-240-teralisusega-50-tk-dfce-22-240w","status":"publish","type":"product","link":"https:\/\/glowup.ee\/et\/toode\/vahetatavad-valged-liivapaberikatted-staleksi-expert-22-sirgele-kuuneviilile-240-teralisusega-50-tk-dfce-22-240w\/","title":{"rendered":"Vahetatavad valged liivapaberikatted Staleksi Expert 22 sirgele k\u00fc\u00fcneviilile 240 teralisusega (50 tk) (DFCE-22-240w"},"content":{"rendered":"<p>Vahetatavad valged liivapaberikatted Staleksi Expert 22 sirgele k\u00fc\u00fcneviilile 240 teralisusega (50 tk) (DFCE-22-240w)<\/p>\n<p>See innovaatiline leiutis on v\u00e4lja t\u00f6\u00f6tatud ja patenteeritud Staleksi poolt.<\/p>\n<p>Sellist asja pole kunagi varem olnud vahetatavate \u00fcksikute lihvimist\u00f6\u00f6riistade maailmas!<\/p>\n<p>Pap mAm vahetatavad katted koosnevad kattest, millel on \u00fchel k\u00fcljel lihvimisosaga ja teisel k\u00fcljel kraftpaber.<\/p>\n<p>Viilu alus sobib katte sisse tihedalt. See annab meistrile lisavabaduse liikumiseks, kuna selle t\u00f6\u00f6riistaga on palju raskem l\u00f5igata viilu otsapinnaga.<\/p>\n<p>Katete viilude peamised eelised:<\/p>\n<ul>\n<li>Pole vaja t\u00e4pselt kleepida asendusfaili;<\/li>\n<li>Alus j\u00e4\u00e4b kasutamise j\u00e4rel puhtaks &#8211; pole j\u00e4\u00e4ke asendusfaili liimist;<\/li>\n<li>Asenduskate kui lihvaine on v\u00e4ga mugav t\u00f6\u00f6tada, turvalisem.<\/li>\n<\/ul>\n<p>Viilude jaoks kasutatav lihvaine on valmistatud kvaliteetsest r\u00e4nikarbiidist.<\/p>\n","protected":false},"excerpt":{"rendered":"<p>Vahetatavad valged liivapaberikatted Staleksi Expert 22 sirgele k\u00fc\u00fcneviilile 240 teralisusega (50 tk) (DFCE-22-240w) See innovaatiline leiutis on v\u00e4lja t\u00f6\u00f6tatud ja<\/p>\n","protected":false},"featured_media":10919,"comment_status":"open","ping_status":"closed","template":"","meta":[],"product_cat":[114,248],"product_tag":[],"_links":{"self":[{"href":"https:\/\/glowup.ee\/et\/wp-json\/wp\/v2\/product\/10910"}],"collection":[{"href":"https:\/\/glowup.ee\/et\/wp-json\/wp\/v2\/product"}],"about":[{"href":"https:\/\/glowup.ee\/et\/wp-json\/wp\/v2\/types\/product"}],"replies":[{"embeddable":true,"href":"https:\/\/glowup.ee\/et\/wp-json\/wp\/v2\/comments?post=10910"}],"wp:featuredmedia":[{"embeddable":true,"href":"https:\/\/glowup.ee\/et\/wp-json\/wp\/v2\/media\/10919"}],"wp:attachment":[{"href":"https:\/\/glowup.ee\/et\/wp-json\/wp\/v2\/media?parent=10910"}],"wp:term":[{"taxonomy":"product_cat","embeddable":true,"href":"https:\/\/glowup.ee\/et\/wp-json\/wp\/v2\/product_cat?post=10910"},{"taxonomy":"product_tag","embeddable":true,"href":"https:\/\/glowup.ee\/et\/wp-json\/wp\/v2\/product_tag?post=10910"}],"curies":[{"name":"wp","href":"https:\/\/api.w.org\/{rel}","templated":true}]}}