{"id":10897,"date":"2024-03-28T04:55:42","date_gmt":"2024-03-28T04:55:42","guid":{"rendered":"https:\/\/glowup.ee\/?post_type=product&#038;p=10897"},"modified":"2024-03-28T05:17:27","modified_gmt":"2024-03-28T05:17:27","slug":"prosteril-kraftpaberkotid-100x200-100-tk-pruunid-indikaatoriga","status":"publish","type":"product","link":"https:\/\/glowup.ee\/et\/toode\/prosteril-kraftpaberkotid-100x200-100-tk-pruunid-indikaatoriga\/","title":{"rendered":"Prosteril kraftpaberkotid 100&#215;200 100 tk. Pruunid indikaatoriga"},"content":{"rendered":"<p>Prosteril kraftpaberkotid 100&#215;200 100 pakki koos auru steriliseerimise indikaatoriga 4. klass. Sobivad manik\u00fc\u00fcri t\u00f6\u00f6riistade steriliseerimiseks ja pikaajaliseks s\u00e4ilitamiseks. T\u00f6\u00f6riistu saab steriliseerida kas termilise kokkupuute abil kuiva kuivatuskapi v\u00f5i aurut\u00f6\u00f6tluse abil. 4. klassi indikaator v\u00f5imaldab hinnata kuivatuskapist v\u00f5i autoklaavist \u00f5ige toimimise korrektsust, tagades usalduse steriliseerimise kvaliteedi suhtes.<\/p>\n<p>T\u00e4nu liimkleepuvale teibile sulguvad kotid tihedalt, v\u00f5imaldades t\u00f6\u00f6riistu s\u00e4ilitada steriilses puhtuses kuni kaks kuud!<\/p>\n<p>L\u00fchikirjeldus:<\/p>\n<ul>\n<li>S\u00e4ilitavad tugevuse p\u00e4rast steriliseerimist;<\/li>\n<li>Veekindlad;<\/li>\n<li>Lihtne sulgeda isekleepuva teibiga;<\/li>\n<li>Sisaldavad indikaatorit;<\/li>\n<li>T\u00f6\u00f6riistade steriilne s\u00e4ilitamine kuni 60 p\u00e4eva;<\/li>\n<li>Lihtne utiliseerida.<\/li>\n<\/ul>\n<p>Pakend sisaldab 100 kraftpaberist kotti.<\/p>\n","protected":false},"excerpt":{"rendered":"<p>Prosteril kraftpaberkotid 100&#215;200 100 pakki koos auru steriliseerimise indikaatoriga 4. klass. Sobivad manik\u00fc\u00fcri t\u00f6\u00f6riistade steriliseerimiseks ja pikaajaliseks s\u00e4ilitamiseks. T\u00f6\u00f6riistu saab<\/p>\n","protected":false},"featured_media":10906,"comment_status":"open","ping_status":"closed","template":"","meta":[],"product_cat":[114,250],"product_tag":[],"_links":{"self":[{"href":"https:\/\/glowup.ee\/et\/wp-json\/wp\/v2\/product\/10897"}],"collection":[{"href":"https:\/\/glowup.ee\/et\/wp-json\/wp\/v2\/product"}],"about":[{"href":"https:\/\/glowup.ee\/et\/wp-json\/wp\/v2\/types\/product"}],"replies":[{"embeddable":true,"href":"https:\/\/glowup.ee\/et\/wp-json\/wp\/v2\/comments?post=10897"}],"wp:featuredmedia":[{"embeddable":true,"href":"https:\/\/glowup.ee\/et\/wp-json\/wp\/v2\/media\/10906"}],"wp:attachment":[{"href":"https:\/\/glowup.ee\/et\/wp-json\/wp\/v2\/media?parent=10897"}],"wp:term":[{"taxonomy":"product_cat","embeddable":true,"href":"https:\/\/glowup.ee\/et\/wp-json\/wp\/v2\/product_cat?post=10897"},{"taxonomy":"product_tag","embeddable":true,"href":"https:\/\/glowup.ee\/et\/wp-json\/wp\/v2\/product_tag?post=10897"}],"curies":[{"name":"wp","href":"https:\/\/api.w.org\/{rel}","templated":true}]}}