{"id":10844,"date":"2024-03-23T04:54:54","date_gmt":"2024-03-23T04:54:54","guid":{"rendered":"https:\/\/glowup.ee\/?post_type=product&#038;p=10844"},"modified":"2024-03-23T05:00:40","modified_gmt":"2024-03-23T05:00:40","slug":"kira-nails-cat-eye-geellakk-005-sinine-roheline-6-ml","status":"publish","type":"product","link":"https:\/\/glowup.ee\/et\/toode\/kira-nails-cat-eye-geellakk-005-sinine-roheline-6-ml\/","title":{"rendered":"Kira Nails Cat Eye Geellakk 005 Sinine-Roheline 6 ml"},"content":{"rendered":"<p>Kira Nails Cat Eye Geellakk 005 Sinine-Roheline 6 ml<\/p>\n<p>Kollektsioon geellakke koos kassisilma efektiga. See kollektsioon on peaaegu saanud klassikaks ja kindlustanud kindlad positsioonid k\u00fc\u00fcnetehnikute palettides, eriti s\u00fcgise-talvise perioodi jooksul.<\/p>\n<p>Kira Nails Cat Eye geellakidel on selge, eredalt v\u00e4ljendunud l\u00e4ige. Tekstuur on piisavalt paks, geellakid asetuvad ideaalselt \u00fche kihina, kattes k\u00fc\u00fcneplaadi t\u00f5husalt. Neid saab kasutada erinevate alusvarjunditega ja rakendada disainides.<\/p>\n<p>Maht: 6 ml.<\/p>\n<p>Tootja: Kira Nails.<\/p>\n<p>P\u00e4ritoluriik: Ukraina.<\/p>\n","protected":false},"excerpt":{"rendered":"<p>Kira Nails Cat Eye Geellakk 005 Sinine-Roheline 6 ml Kollektsioon geellakke koos kassisilma efektiga. See kollektsioon on peaaegu saanud klassikaks<\/p>\n","protected":false},"featured_media":10849,"comment_status":"open","ping_status":"closed","template":"","meta":[],"product_cat":[116,206,244],"product_tag":[],"_links":{"self":[{"href":"https:\/\/glowup.ee\/et\/wp-json\/wp\/v2\/product\/10844"}],"collection":[{"href":"https:\/\/glowup.ee\/et\/wp-json\/wp\/v2\/product"}],"about":[{"href":"https:\/\/glowup.ee\/et\/wp-json\/wp\/v2\/types\/product"}],"replies":[{"embeddable":true,"href":"https:\/\/glowup.ee\/et\/wp-json\/wp\/v2\/comments?post=10844"}],"wp:featuredmedia":[{"embeddable":true,"href":"https:\/\/glowup.ee\/et\/wp-json\/wp\/v2\/media\/10849"}],"wp:attachment":[{"href":"https:\/\/glowup.ee\/et\/wp-json\/wp\/v2\/media?parent=10844"}],"wp:term":[{"taxonomy":"product_cat","embeddable":true,"href":"https:\/\/glowup.ee\/et\/wp-json\/wp\/v2\/product_cat?post=10844"},{"taxonomy":"product_tag","embeddable":true,"href":"https:\/\/glowup.ee\/et\/wp-json\/wp\/v2\/product_tag?post=10844"}],"curies":[{"name":"wp","href":"https:\/\/api.w.org\/{rel}","templated":true}]}}