{"id":10726,"date":"2024-03-22T13:05:05","date_gmt":"2024-03-22T13:05:05","guid":{"rendered":"https:\/\/glowup.ee\/?post_type=product&#038;p=10726"},"modified":"2024-03-22T13:14:22","modified_gmt":"2024-03-22T13:14:22","slug":"geellakk-kira-nails-060-magenta-6-ml","status":"publish","type":"product","link":"https:\/\/glowup.ee\/et\/toode\/geellakk-kira-nails-060-magenta-6-ml\/","title":{"rendered":"Geellakk Kira Nails 060 Magenta 6 ml"},"content":{"rendered":"<p>Geellakk Kira Nails 060 Magenta 6 ml<\/p>\n<p>Kira Nailsi geellakk on loodud meistrite poolt meistritele.<\/p>\n<p>Palett on hoolikalt valitud ja sisaldab mitmekesist valikut erinevaid toone.<\/p>\n<p>Geellaki tekstuur on meeldiv t\u00f6\u00f6tada: geellakid on tihedad, paksud ja ei levi \u00fchtlaselt pealekandmisel. Harja on \u00f5huke, ideaalne l\u00fchikestele k\u00fc\u00fcntele kandmiseks. Geellakid on v\u00e4ga pigmenteeritud, kuid kuivavad ideaalselt, enamik neist kantakse \u00fchtlaselt isegi \u00fche kihiga ilma puudusteta.<\/p>\n<p>Need kuivavad h\u00e4sti, tasanduvad kenasti ja lahustuvad kergesti spetsiaalsete vedelike abil.<\/p>\n<p>Maht: 6 ml.<\/p>\n<p>Tootja: Kira Nails.<\/p>\n<p>P\u00e4ritoluriik: Ukraina.<\/p>\n","protected":false},"excerpt":{"rendered":"<p>Geellakk Kira Nails 060 Magenta 6 ml Kira Nailsi geellakk on loodud meistrite poolt meistritele. Palett on hoolikalt valitud ja<\/p>\n","protected":false},"featured_media":10741,"comment_status":"open","ping_status":"closed","template":"","meta":[],"product_cat":[116,206,231],"product_tag":[],"_links":{"self":[{"href":"https:\/\/glowup.ee\/et\/wp-json\/wp\/v2\/product\/10726"}],"collection":[{"href":"https:\/\/glowup.ee\/et\/wp-json\/wp\/v2\/product"}],"about":[{"href":"https:\/\/glowup.ee\/et\/wp-json\/wp\/v2\/types\/product"}],"replies":[{"embeddable":true,"href":"https:\/\/glowup.ee\/et\/wp-json\/wp\/v2\/comments?post=10726"}],"wp:featuredmedia":[{"embeddable":true,"href":"https:\/\/glowup.ee\/et\/wp-json\/wp\/v2\/media\/10741"}],"wp:attachment":[{"href":"https:\/\/glowup.ee\/et\/wp-json\/wp\/v2\/media?parent=10726"}],"wp:term":[{"taxonomy":"product_cat","embeddable":true,"href":"https:\/\/glowup.ee\/et\/wp-json\/wp\/v2\/product_cat?post=10726"},{"taxonomy":"product_tag","embeddable":true,"href":"https:\/\/glowup.ee\/et\/wp-json\/wp\/v2\/product_tag?post=10726"}],"curies":[{"name":"wp","href":"https:\/\/api.w.org\/{rel}","templated":true}]}}