{"id":10695,"date":"2024-03-22T12:42:13","date_gmt":"2024-03-22T12:42:13","guid":{"rendered":"https:\/\/glowup.ee\/?post_type=product&#038;p=10695"},"modified":"2024-03-22T12:49:22","modified_gmt":"2024-03-22T12:49:22","slug":"geellakk-valeri-color-077-baklazaan-6-ml","status":"publish","type":"product","link":"https:\/\/glowup.ee\/et\/toode\/geellakk-valeri-color-077-baklazaan-6-ml\/","title":{"rendered":"Geellakk Valeri Color 077 &#8211; Bakla\u017eaan 6 ml"},"content":{"rendered":"<p>Geellakk Valeri Color 077 &#8211; Bakla\u017eaan 6 ml<\/p>\n<p>Valeri geellakk on spetsiaalselt loodud manik\u00fc\u00fcri meistrite jaoks.<\/p>\n<p>V\u00e4ike pudel ja meeldiv hind aitavad isegi algajal meistril oma paletti t\u00e4iendada kvaliteetsete mitmekesiste toonidega.<\/p>\n<p>Valeri geellakid on suurep\u00e4raselt pigmenteeritud, neil on meeldiv keskmise paksusega tekstuur, need kantakse kergesti \u00fche kihiga ja katavad k\u00fc\u00fcneplaadi ideaalselt.<\/p>\n<p>Need kuivavad h\u00e4sti, tasanduvad kenasti ja lahustuvad kergesti spetsiaalsete vedelike abil.<\/p>\n<p>Valeri geellakide pealekandmise tehnoloogia on maksimaalselt lihtne:<\/p>\n<ol>\n<li>Valmistage k\u00fc\u00fcneplaat ette, kandke peale ultrabond ja laske \u00f5hu k\u00e4es minut kuivada.<\/li>\n<li>Kandke aluskiht \/ teostage tasandamine, kuivatage lambis.<\/li>\n<li>Kandke peamist v\u00e4rvi \u00fche keskmise kihina, kuivatage lambis.<\/li>\n<li>Katke tippkihiga koos kleepuva kihiga v\u00f5i ilma.<\/li>\n<li>Eemaldage vajadusel kleepuvus puhastusvahendiga.<\/li>\n<\/ol>\n<p>Maht: 6 ml.<\/p>\n<p>Tootja: Valeri.<\/p>\n<p>P\u00e4ritoluriik: Prantsusmaa.<\/p>\n","protected":false},"excerpt":{"rendered":"<p>Geellakk Valeri Color 077 &#8211; Bakla\u017eaan 6 ml Valeri geellakk on spetsiaalselt loodud manik\u00fc\u00fcri meistrite jaoks. V\u00e4ike pudel ja meeldiv<\/p>\n","protected":false},"featured_media":10707,"comment_status":"open","ping_status":"closed","template":"","meta":[],"product_cat":[116,238],"product_tag":[],"_links":{"self":[{"href":"https:\/\/glowup.ee\/et\/wp-json\/wp\/v2\/product\/10695"}],"collection":[{"href":"https:\/\/glowup.ee\/et\/wp-json\/wp\/v2\/product"}],"about":[{"href":"https:\/\/glowup.ee\/et\/wp-json\/wp\/v2\/types\/product"}],"replies":[{"embeddable":true,"href":"https:\/\/glowup.ee\/et\/wp-json\/wp\/v2\/comments?post=10695"}],"wp:featuredmedia":[{"embeddable":true,"href":"https:\/\/glowup.ee\/et\/wp-json\/wp\/v2\/media\/10707"}],"wp:attachment":[{"href":"https:\/\/glowup.ee\/et\/wp-json\/wp\/v2\/media?parent=10695"}],"wp:term":[{"taxonomy":"product_cat","embeddable":true,"href":"https:\/\/glowup.ee\/et\/wp-json\/wp\/v2\/product_cat?post=10695"},{"taxonomy":"product_tag","embeddable":true,"href":"https:\/\/glowup.ee\/et\/wp-json\/wp\/v2\/product_tag?post=10695"}],"curies":[{"name":"wp","href":"https:\/\/api.w.org\/{rel}","templated":true}]}}