{"id":10673,"date":"2024-03-21T05:24:34","date_gmt":"2024-03-21T05:24:34","guid":{"rendered":"https:\/\/glowup.ee\/?post_type=product&#038;p=10673"},"modified":"2024-03-21T05:44:29","modified_gmt":"2024-03-21T05:44:29","slug":"geellakk-edlen-color-006-9-ml","status":"publish","type":"product","link":"https:\/\/glowup.ee\/et\/toode\/geellakk-edlen-color-006-9-ml\/","title":{"rendered":"Geellakk Edlen Color 006 9 ml"},"content":{"rendered":"<p>Geellakk Edlen Color 006 9 ml &#8211; geellakk Edlen Color p\u00f5hikollektsioonist.<\/p>\n<p>Edleni geellakke toodetakse Saksamaal kasutades uusimaid tehnoloogiaid, v\u00f5ttes arvesse kaasaegse ilut\u00f6\u00f6stuse turu k\u00f5iki trende. Seet\u00f5ttu on selle kaubam\u00e4rgi ostjad alati esimesed kasutama k\u00fc\u00fcnelakkide tootmisel k\u00f5ige arenenumate tehnoloogiate tulemusi.<\/p>\n<p>Edleni geellakid on eelk\u00f5ige tuntud k\u00f5rge kvaliteedi, maksimaalse lihtsuse ja kandmise mugavuse poolest, samuti m\u00e4rkimisv\u00e4\u00e4rse ajakulu ja materjalikulude kokkuhoiu poolest, kuna need geellakid kantakse suurep\u00e4raselt \u00fche kihina ja ei vaja j\u00e4rgnevat korrigeerimist.<\/p>\n<p>Edleni geellaki peamised eelised on:<\/p>\n<p>Saksa kvaliteetne tootmine;<\/p>\n<p>\u00fchekordne katvus;<\/p>\n<p>k\u00f5rge pigmenteeritus;<\/p>\n<p>kulumisperiood &#8211; \u00fcle 3 n\u00e4dala;<\/p>\n<p>ei t\u00f5mbu kokku ega pragune kuivamise ajal;<\/p>\n<p>kummip\u00f5hine koostis;<\/p>\n<p>h\u00fcpoallergeensus;<\/p>\n<p>\u00f6konoomne &#8211; pudel 27-30 katte jaoks;<\/p>\n<p>kasutusmugavus;<\/p>\n<p>originaalne disain.<\/p>\n<p>Edleni geellakid on kolmefaasilised geellakid, mis n\u00f5uavad alus- ja pealislaki kasutamist. Neid kantakse klassikalise tehnikaga: aluskiht &#8211; v\u00e4rv &#8211; pealislakk.<\/p>\n<p>Maht &#8211; 9 ml<\/p>\n<p>Tootjamaa &#8211; Saksamaa<\/p>\n<p>Br\u00e4nd &#8211; Edlen<\/p>\n","protected":false},"excerpt":{"rendered":"<p>Geellakk Edlen Color 006 9 ml &#8211; geellakk Edlen Color p\u00f5hikollektsioonist. Edleni geellakke toodetakse Saksamaal kasutades uusimaid tehnoloogiaid, v\u00f5ttes arvesse<\/p>\n","protected":false},"featured_media":10676,"comment_status":"open","ping_status":"closed","template":"","meta":[],"product_cat":[116,218,241],"product_tag":[],"_links":{"self":[{"href":"https:\/\/glowup.ee\/et\/wp-json\/wp\/v2\/product\/10673"}],"collection":[{"href":"https:\/\/glowup.ee\/et\/wp-json\/wp\/v2\/product"}],"about":[{"href":"https:\/\/glowup.ee\/et\/wp-json\/wp\/v2\/types\/product"}],"replies":[{"embeddable":true,"href":"https:\/\/glowup.ee\/et\/wp-json\/wp\/v2\/comments?post=10673"}],"wp:featuredmedia":[{"embeddable":true,"href":"https:\/\/glowup.ee\/et\/wp-json\/wp\/v2\/media\/10676"}],"wp:attachment":[{"href":"https:\/\/glowup.ee\/et\/wp-json\/wp\/v2\/media?parent=10673"}],"wp:term":[{"taxonomy":"product_cat","embeddable":true,"href":"https:\/\/glowup.ee\/et\/wp-json\/wp\/v2\/product_cat?post=10673"},{"taxonomy":"product_tag","embeddable":true,"href":"https:\/\/glowup.ee\/et\/wp-json\/wp\/v2\/product_tag?post=10673"}],"curies":[{"name":"wp","href":"https:\/\/api.w.org\/{rel}","templated":true}]}}