{"id":10639,"date":"2024-03-21T04:21:18","date_gmt":"2024-03-21T04:21:18","guid":{"rendered":"https:\/\/glowup.ee\/?post_type=product&#038;p=10639"},"modified":"2024-03-21T04:47:39","modified_gmt":"2024-03-21T04:47:39","slug":"geellakk-valeri-color-024-orn-roosa-6-ml","status":"publish","type":"product","link":"https:\/\/glowup.ee\/et\/toode\/geellakk-valeri-color-024-orn-roosa-6-ml\/","title":{"rendered":"Geellakk Valeri Color 024 &#8211; \u00d5rn Roosa 6 ml"},"content":{"rendered":"<p>Geellakk Valeri Color 024 &#8211; \u00d5rn Roosa 6 ml<\/p>\n<p>Valeri geellakk on spetsiaalselt loodud manik\u00fc\u00fcri meistrite jaoks.<\/p>\n<p>V\u00e4ike pudeli maht ja taskukohane hind v\u00f5imaldavad isegi algajal meistril t\u00e4iendada oma paletti kvaliteetsete erinevate varjunditega.<\/p>\n<p>Valeri geellakid on h\u00e4sti pigmenteeritud, neil on meeldiv keskmise paksusega tekstuur, neid on lihtne kanda \u00fche kihina ja need katavad k\u00fc\u00fcneplaadi suurep\u00e4raselt.<\/p>\n<p>Need kuivavad h\u00e4sti, tasanduvad kenasti ja lahustuvad kergesti spetsiaalsete vedelike abil.<\/p>\n<p>Valeri geellakide pealekandmise tehnoloogia on maksimaalselt lihtne:<\/p>\n<ol>\n<li>Valmistage k\u00fc\u00fcneplaat ette, kandke peale ultrabond ja laske \u00f5hu k\u00e4es minut kuivada.<\/li>\n<li>Kandke aluskiht \/ teostage tasandamine, kuivatage lambis.<\/li>\n<li>Kandke peamist v\u00e4rvi \u00fche keskmise kihina, kuivatage lambis.<\/li>\n<li>Katke tippkihiga koos kleepuva kihiga v\u00f5i ilma.<\/li>\n<li>Eemaldage vajadusel kleepuvus puhastusvahendiga.<\/li>\n<\/ol>\n<p>Maht: 6 ml.<\/p>\n<p>Tootja: Valeri.<\/p>\n<p>P\u00e4ritoluriik: Prantsusmaa.<\/p>\n","protected":false},"excerpt":{"rendered":"<p>Geellakk Valeri Color 024 &#8211; \u00d5rn Roosa 6 ml Valeri geellakk on spetsiaalselt loodud manik\u00fc\u00fcri meistrite jaoks. V\u00e4ike pudeli maht<\/p>\n","protected":false},"featured_media":10642,"comment_status":"open","ping_status":"closed","template":"","meta":[],"product_cat":[116,238],"product_tag":[],"_links":{"self":[{"href":"https:\/\/glowup.ee\/et\/wp-json\/wp\/v2\/product\/10639"}],"collection":[{"href":"https:\/\/glowup.ee\/et\/wp-json\/wp\/v2\/product"}],"about":[{"href":"https:\/\/glowup.ee\/et\/wp-json\/wp\/v2\/types\/product"}],"replies":[{"embeddable":true,"href":"https:\/\/glowup.ee\/et\/wp-json\/wp\/v2\/comments?post=10639"}],"wp:featuredmedia":[{"embeddable":true,"href":"https:\/\/glowup.ee\/et\/wp-json\/wp\/v2\/media\/10642"}],"wp:attachment":[{"href":"https:\/\/glowup.ee\/et\/wp-json\/wp\/v2\/media?parent=10639"}],"wp:term":[{"taxonomy":"product_cat","embeddable":true,"href":"https:\/\/glowup.ee\/et\/wp-json\/wp\/v2\/product_cat?post=10639"},{"taxonomy":"product_tag","embeddable":true,"href":"https:\/\/glowup.ee\/et\/wp-json\/wp\/v2\/product_tag?post=10639"}],"curies":[{"name":"wp","href":"https:\/\/api.w.org\/{rel}","templated":true}]}}