{"id":10629,"date":"2024-03-18T05:18:22","date_gmt":"2024-03-18T05:18:22","guid":{"rendered":"https:\/\/glowup.ee\/?post_type=product&#038;p=10629"},"modified":"2024-03-18T05:44:30","modified_gmt":"2024-03-18T05:44:30","slug":"baby-mooni-geellakk-burgundy-003-sokolaadi-kirsi-6-ml","status":"publish","type":"product","link":"https:\/\/glowup.ee\/et\/toode\/baby-mooni-geellakk-burgundy-003-sokolaadi-kirsi-6-ml\/","title":{"rendered":"Baby Mooni geellakk Burgundy 003 &#8211; \u0160okolaadi-Kirsi 6 ml"},"content":{"rendered":"<p>Geellakk Baby Moon Burgundy 003 &#8211; \u0160okolaadi-Kirsi 6 ml<\/p>\n<p>Baby Moon Burgundy geellakid on Ukraina toodanguga geellakid, millel on tohutu luksuslik palett. Kogu palett on jaotatud kollektsioonideks toonide ja efektide p\u00f5hjal &#8211; k\u00f5ik on loodud meistri jaoks mugavuse huvides \u00f5ige v\u00e4rvi valimisel.<\/p>\n<p>Geellakid on tihedad, kantakse \u00fchtlaselt \u00fche kihina ja on mugavas pudelis koos pintsliga. Majanduslik 6 ml maht v\u00f5imaldab teil oma paletti laiendada ilma eelarvet kahjustamata. Geellakkide hind on taskukohane ja kvaliteet on esmaklassiline!<\/p>\n<p>Pudelis olev harja on mugava poolringikujulise kujuga, pehme ja meeldiv t\u00f6\u00f6tada.<\/p>\n<p>Pudel on UV-kiirte eest usaldusv\u00e4\u00e4rselt kaitstud t\u00e4nu valguskindlale kattele.<\/p>\n<p>Geellakid on h\u00e4sti pigmenteeritud, kuid kuivavad ideaalselt, lahustuvad kergesti spetsiaalsete vedelike abil. Tooraine toodetakse Poolas vastavalt Euroopa kvaliteedistandarditele.<\/p>\n<p>Maht: 6 ml<\/p>\n<p>Tootja: Baby Moon<\/p>\n<p>P\u00e4ritoluriik: Ukraina<\/p>\n","protected":false},"excerpt":{"rendered":"<p>Geellakk Baby Moon Burgundy 003 &#8211; \u0160okolaadi-Kirsi 6 ml Baby Moon Burgundy geellakid on Ukraina toodanguga geellakid, millel on tohutu<\/p>\n","protected":false},"featured_media":10635,"comment_status":"open","ping_status":"closed","template":"","meta":[],"product_cat":[116,233,235],"product_tag":[],"_links":{"self":[{"href":"https:\/\/glowup.ee\/et\/wp-json\/wp\/v2\/product\/10629"}],"collection":[{"href":"https:\/\/glowup.ee\/et\/wp-json\/wp\/v2\/product"}],"about":[{"href":"https:\/\/glowup.ee\/et\/wp-json\/wp\/v2\/types\/product"}],"replies":[{"embeddable":true,"href":"https:\/\/glowup.ee\/et\/wp-json\/wp\/v2\/comments?post=10629"}],"wp:featuredmedia":[{"embeddable":true,"href":"https:\/\/glowup.ee\/et\/wp-json\/wp\/v2\/media\/10635"}],"wp:attachment":[{"href":"https:\/\/glowup.ee\/et\/wp-json\/wp\/v2\/media?parent=10629"}],"wp:term":[{"taxonomy":"product_cat","embeddable":true,"href":"https:\/\/glowup.ee\/et\/wp-json\/wp\/v2\/product_cat?post=10629"},{"taxonomy":"product_tag","embeddable":true,"href":"https:\/\/glowup.ee\/et\/wp-json\/wp\/v2\/product_tag?post=10629"}],"curies":[{"name":"wp","href":"https:\/\/api.w.org\/{rel}","templated":true}]}}