{"id":10621,"date":"2024-03-17T05:03:54","date_gmt":"2024-03-17T05:03:54","guid":{"rendered":"https:\/\/glowup.ee\/?post_type=product&#038;p=10621"},"modified":"2024-03-17T05:25:42","modified_gmt":"2024-03-17T05:25:42","slug":"baas-geellakile-moon-full-fiber-base-8-ml","status":"publish","type":"product","link":"https:\/\/glowup.ee\/et\/toode\/baas-geellakile-moon-full-fiber-base-8-ml\/","title":{"rendered":"Baas geellakile Moon Full Fiber base 8 ml"},"content":{"rendered":"<p>Moon Full Fiber base 8ml &#8211; aluslakk k\u00fc\u00fcntele nailonkiududega koostises. Sellel on keskmise paksusega konsistents, seda on lihtne peale kanda ja see tasandub ise.<\/p>\n<p>Baas tagab kinnituse ja katte tugevuse t\u00e4nu nailonkiudude sisaldusele koostises. See takistab kiibistumist ja pragunemist ning sobib ideaalselt n\u00f5rgestatud ja \u00f5hukestele k\u00fc\u00fcntele.<\/p>\n<p>Pudelil on mugav pintsel pealekandmiseks.<\/p>\n<p>Baas tagab vastupidava katte ilma koorumise, koorumise v\u00f5i pragunemiseta. See tugevdab k\u00fc\u00fcneplaati t\u00f5husalt.<\/p>\n<p>Moon Full Fiber base 8 ml p\u00f5hilised omadused:<\/p>\n<p>Maht: 8 ml<\/p>\n<p>Kuivamisaeg UV-lambis: 2 min. (30 sek. LED)<\/p>\n<p>Tootja: Moon Full<\/p>\n<p>P\u00e4ritoluriik: Ukraina<\/p>\n","protected":false},"excerpt":{"rendered":"<p>Moon Full Fiber base 8ml &#8211; aluslakk k\u00fc\u00fcntele nailonkiududega koostises. Sellel on keskmise paksusega konsistents, seda on lihtne peale kanda<\/p>\n","protected":false},"featured_media":10624,"comment_status":"open","ping_status":"closed","template":"","meta":[],"product_cat":[116,212,214],"product_tag":[],"_links":{"self":[{"href":"https:\/\/glowup.ee\/et\/wp-json\/wp\/v2\/product\/10621"}],"collection":[{"href":"https:\/\/glowup.ee\/et\/wp-json\/wp\/v2\/product"}],"about":[{"href":"https:\/\/glowup.ee\/et\/wp-json\/wp\/v2\/types\/product"}],"replies":[{"embeddable":true,"href":"https:\/\/glowup.ee\/et\/wp-json\/wp\/v2\/comments?post=10621"}],"wp:featuredmedia":[{"embeddable":true,"href":"https:\/\/glowup.ee\/et\/wp-json\/wp\/v2\/media\/10624"}],"wp:attachment":[{"href":"https:\/\/glowup.ee\/et\/wp-json\/wp\/v2\/media?parent=10621"}],"wp:term":[{"taxonomy":"product_cat","embeddable":true,"href":"https:\/\/glowup.ee\/et\/wp-json\/wp\/v2\/product_cat?post=10621"},{"taxonomy":"product_tag","embeddable":true,"href":"https:\/\/glowup.ee\/et\/wp-json\/wp\/v2\/product_tag?post=10621"}],"curies":[{"name":"wp","href":"https:\/\/api.w.org\/{rel}","templated":true}]}}