{"id":10615,"date":"2024-03-17T04:32:49","date_gmt":"2024-03-17T04:32:49","guid":{"rendered":"https:\/\/glowup.ee\/?post_type=product&#038;p=10615"},"modified":"2026-02-20T19:57:22","modified_gmt":"2026-02-20T19:57:22","slug":"kummibaas-geellakile-moon-full-8-ml-copy","status":"publish","type":"product","link":"https:\/\/glowup.ee\/et\/toode\/kummibaas-geellakile-moon-full-8-ml-copy\/","title":{"rendered":"Kummibaas geellakile SAGA professional Rubber base STRONG 15 ml"},"content":{"rendered":"<p>Kummibaas geellakile SAGA professional Rubber base STRONG (tugev) 15 ml &#8211; see on kvaliteetne aluskiht k\u00fc\u00fcntele, mis on spetsiaalselt loodud professionaalseks manik\u00fc\u00fcriks. Sellel on eriline valem, mis annab k\u00fc\u00fcneplaadile tugevuse ja vastupidavuse. Sellel on keskmise paksusega konsistents ja seda on lihtne peale kanda.<\/p>\n<p>Baas on madala happesusega, mis muudab selle sobivaks ka k\u00fc\u00fcneplaadi tasandamiseks. See on paksem, kuid mugav t\u00f6\u00f6tamiseks. Tagab vastupidava katte ilma koorumise, pragunemise v\u00f5i l\u00f5hkemiseta. See tugevdab k\u00fc\u00fcneplaati t\u00f5husalt.<\/p>\n<p>SAGA Professional Rubber Base STRONG 15 ml on usaldusv\u00e4\u00e4rne ja kvaliteetne toode, mis aitab luua kauni ja p\u00fcsiva manik\u00fc\u00fcri.<\/p>\n<p>SAGA Rubber Base STRONG 15 ml p\u00f5hilised omadused:<\/p>\n<p>Maht: 15 ml<\/p>\n<p>Kuivamisaeg UV-lambis: 2 min. (30-60 sek. LED)<\/p>\n<p>Tootja: SAGA professional<\/p>\n<p>P\u00e4ritoluriik: Ukraina<\/p>\n","protected":false},"excerpt":{"rendered":"<p>Kummibaas geellakile SAGA professional Rubber base STRONG (tugev) 15 ml &#8211; see on kvaliteetne aluskiht k\u00fc\u00fcntele, mis on spetsiaalselt loodud<\/p>\n","protected":false},"featured_media":10618,"comment_status":"open","ping_status":"closed","template":"","meta":[],"product_cat":[116,224,226],"product_tag":[],"_links":{"self":[{"href":"https:\/\/glowup.ee\/et\/wp-json\/wp\/v2\/product\/10615"}],"collection":[{"href":"https:\/\/glowup.ee\/et\/wp-json\/wp\/v2\/product"}],"about":[{"href":"https:\/\/glowup.ee\/et\/wp-json\/wp\/v2\/types\/product"}],"replies":[{"embeddable":true,"href":"https:\/\/glowup.ee\/et\/wp-json\/wp\/v2\/comments?post=10615"}],"wp:featuredmedia":[{"embeddable":true,"href":"https:\/\/glowup.ee\/et\/wp-json\/wp\/v2\/media\/10618"}],"wp:attachment":[{"href":"https:\/\/glowup.ee\/et\/wp-json\/wp\/v2\/media?parent=10615"}],"wp:term":[{"taxonomy":"product_cat","embeddable":true,"href":"https:\/\/glowup.ee\/et\/wp-json\/wp\/v2\/product_cat?post=10615"},{"taxonomy":"product_tag","embeddable":true,"href":"https:\/\/glowup.ee\/et\/wp-json\/wp\/v2\/product_tag?post=10615"}],"curies":[{"name":"wp","href":"https:\/\/api.w.org\/{rel}","templated":true}]}}