{"id":10605,"date":"2024-03-15T13:06:58","date_gmt":"2024-03-15T13:06:58","guid":{"rendered":"https:\/\/glowup.ee\/?post_type=product&#038;p=10605"},"modified":"2024-03-15T13:24:14","modified_gmt":"2024-03-15T13:24:14","slug":"piimataoline-kleepumatu-pealislakk-edlen-milk-top-9-ml-kuunte-pealislakk","status":"publish","type":"product","link":"https:\/\/glowup.ee\/et\/toode\/piimataoline-kleepumatu-pealislakk-edlen-milk-top-9-ml-kuunte-pealislakk\/","title":{"rendered":"Piimataoline kleepumatu pealislakk Edlen Milk Top 9 ml, k\u00fc\u00fcnte pealislakk"},"content":{"rendered":"<p>Edlen Milk Top 9 ml &#8211; Piimataoline kleepumatu pealislakk Viimistluskiht (pealislakk) geellakkidele ilma j\u00e4\u00e4kmassi (kleepuva) kihita. Kattekiht on keskmise tihedusega. Kandub vaid m\u00f5ne t\u00f5mbega, silub ideaalselt, asetub \u00fchtlaselt ja pakub usaldusv\u00e4\u00e4rset kaitset geellaki jaoks. Kriimustustele vastupidav, ei helbu ning j\u00e4\u00e4b piisavalt paindlikuks hoolimata kleepuva kihi puudumisest.<\/p>\n<p>Sisaldab v\u00e4ikest kogust piimapigmenti, mis v\u00f5imaldab luua tuhmima tooni k\u00fc\u00fcntele eredate neoonkatete peal, samuti luua kerge udususe v\u00f5i \u00fcleminekut.<\/p>\n<p>Kuivamisaeg UV-lambis on 2 minutit, LED-lambis 30 sekundit.<\/p>\n","protected":false},"excerpt":{"rendered":"<p>Edlen Milk Top 9 ml &#8211; Piimataoline kleepumatu pealislakk Viimistluskiht (pealislakk) geellakkidele ilma j\u00e4\u00e4kmassi (kleepuva) kihita. Kattekiht on keskmise tihedusega.<\/p>\n","protected":false},"featured_media":10611,"comment_status":"open","ping_status":"closed","template":"","meta":[],"product_cat":[116,218,220],"product_tag":[],"_links":{"self":[{"href":"https:\/\/glowup.ee\/et\/wp-json\/wp\/v2\/product\/10605"}],"collection":[{"href":"https:\/\/glowup.ee\/et\/wp-json\/wp\/v2\/product"}],"about":[{"href":"https:\/\/glowup.ee\/et\/wp-json\/wp\/v2\/types\/product"}],"replies":[{"embeddable":true,"href":"https:\/\/glowup.ee\/et\/wp-json\/wp\/v2\/comments?post=10605"}],"wp:featuredmedia":[{"embeddable":true,"href":"https:\/\/glowup.ee\/et\/wp-json\/wp\/v2\/media\/10611"}],"wp:attachment":[{"href":"https:\/\/glowup.ee\/et\/wp-json\/wp\/v2\/media?parent=10605"}],"wp:term":[{"taxonomy":"product_cat","embeddable":true,"href":"https:\/\/glowup.ee\/et\/wp-json\/wp\/v2\/product_cat?post=10605"},{"taxonomy":"product_tag","embeddable":true,"href":"https:\/\/glowup.ee\/et\/wp-json\/wp\/v2\/product_tag?post=10605"}],"curies":[{"name":"wp","href":"https:\/\/api.w.org\/{rel}","templated":true}]}}