{"id":10584,"date":"2024-03-15T11:13:29","date_gmt":"2024-03-15T11:13:29","guid":{"rendered":"https:\/\/glowup.ee\/?post_type=product&#038;p=10584"},"modified":"2024-03-15T11:33:51","modified_gmt":"2024-03-15T11:33:51","slug":"peegeldav-kleepumatu-pealislakk-kira-nails-tik-tok-no-wipe-top-6-ml","status":"publish","type":"product","link":"https:\/\/glowup.ee\/et\/toode\/peegeldav-kleepumatu-pealislakk-kira-nails-tik-tok-no-wipe-top-6-ml\/","title":{"rendered":"Peegeldav Kleepumatu Pealislakk Kira Nails Tik Tok No Wipe Top 6 ml"},"content":{"rendered":"<p>Heledaid osakesi sisaldav peegeldav pealislakk Kira Nails No Wipe 6 ml (Tik Tok No Wipe Top) Viimistluskiht geellakile, mis sisaldab heledaid osakesi. Kasutatakse super-s\u00e4rava efektiga k\u00fc\u00fcnete kujundamiseks. Pealislakk on lihtne peale kanda ega j\u00e4ta j\u00e4\u00e4k-kleepuvat kihti. Sellel on meeldiv keskmise paksusega konsistents.<\/p>\n<p>Kuivamisaeg UV-lambis \u2013 2 minutit, LED-lambis \u2013 30 sekundit. Pol\u00fcmerisatsiooni j\u00e4rel ei j\u00e4ta kleepuvat kihti.<\/p>\n","protected":false},"excerpt":{"rendered":"<p>Heledaid osakesi sisaldav peegeldav pealislakk Kira Nails No Wipe 6 ml (Tik Tok No Wipe Top) Viimistluskiht geellakile, mis sisaldab<\/p>\n","protected":false},"featured_media":10587,"comment_status":"open","ping_status":"closed","template":"","meta":[],"product_cat":[116,206,207],"product_tag":[],"_links":{"self":[{"href":"https:\/\/glowup.ee\/et\/wp-json\/wp\/v2\/product\/10584"}],"collection":[{"href":"https:\/\/glowup.ee\/et\/wp-json\/wp\/v2\/product"}],"about":[{"href":"https:\/\/glowup.ee\/et\/wp-json\/wp\/v2\/types\/product"}],"replies":[{"embeddable":true,"href":"https:\/\/glowup.ee\/et\/wp-json\/wp\/v2\/comments?post=10584"}],"wp:featuredmedia":[{"embeddable":true,"href":"https:\/\/glowup.ee\/et\/wp-json\/wp\/v2\/media\/10587"}],"wp:attachment":[{"href":"https:\/\/glowup.ee\/et\/wp-json\/wp\/v2\/media?parent=10584"}],"wp:term":[{"taxonomy":"product_cat","embeddable":true,"href":"https:\/\/glowup.ee\/et\/wp-json\/wp\/v2\/product_cat?post=10584"},{"taxonomy":"product_tag","embeddable":true,"href":"https:\/\/glowup.ee\/et\/wp-json\/wp\/v2\/product_tag?post=10584"}],"curies":[{"name":"wp","href":"https:\/\/api.w.org\/{rel}","templated":true}]}}