{"id":10576,"date":"2024-03-14T08:39:51","date_gmt":"2024-03-14T08:39:51","guid":{"rendered":"https:\/\/glowup.ee\/?post_type=product&#038;p=10576"},"modified":"2024-03-14T09:13:31","modified_gmt":"2024-03-14T09:13:31","slug":"kummibaas-geellakile-moon-full-8-ml","status":"publish","type":"product","link":"https:\/\/glowup.ee\/et\/toode\/kummibaas-geellakile-moon-full-8-ml\/","title":{"rendered":"Kummibaas geellakile Moon Full 8 ml"},"content":{"rendered":"<p>Kummibaas geellakile Moon Full 8 ml &#8211; aluskiht k\u00fc\u00fcntele. Sellel on keskmise paksusega konsistents ja seda on lihtne peale kanda.<\/p>\n<p>Pudelil on mugav pintsel pealekandmiseks.<\/p>\n<p>Baas tagab vastupidava katte ilma koorumise, koorumise v\u00f5i pragunemiseta. See tugevdab k\u00fc\u00fcneplaati t\u00f5husalt.<\/p>\n<p>Moon Full kummibaasi 8 ml p\u00f5hilised omadused:<\/p>\n<p>Pol\u00fcmeriseerimisaeg UV-lambis: 2 min. (30 sek. LED) Tootja: Moon Full P\u00e4ritoluriik: Ukraina<\/p>\n","protected":false},"excerpt":{"rendered":"<p>Kummibaas geellakile Moon Full 8 ml &#8211; aluskiht k\u00fc\u00fcntele. Sellel on keskmise paksusega konsistents ja seda on lihtne peale kanda.<\/p>\n","protected":false},"featured_media":10579,"comment_status":"open","ping_status":"closed","template":"","meta":[],"product_cat":[116,212,214],"product_tag":[],"_links":{"self":[{"href":"https:\/\/glowup.ee\/et\/wp-json\/wp\/v2\/product\/10576"}],"collection":[{"href":"https:\/\/glowup.ee\/et\/wp-json\/wp\/v2\/product"}],"about":[{"href":"https:\/\/glowup.ee\/et\/wp-json\/wp\/v2\/types\/product"}],"replies":[{"embeddable":true,"href":"https:\/\/glowup.ee\/et\/wp-json\/wp\/v2\/comments?post=10576"}],"wp:featuredmedia":[{"embeddable":true,"href":"https:\/\/glowup.ee\/et\/wp-json\/wp\/v2\/media\/10579"}],"wp:attachment":[{"href":"https:\/\/glowup.ee\/et\/wp-json\/wp\/v2\/media?parent=10576"}],"wp:term":[{"taxonomy":"product_cat","embeddable":true,"href":"https:\/\/glowup.ee\/et\/wp-json\/wp\/v2\/product_cat?post=10576"},{"taxonomy":"product_tag","embeddable":true,"href":"https:\/\/glowup.ee\/et\/wp-json\/wp\/v2\/product_tag?post=10576"}],"curies":[{"name":"wp","href":"https:\/\/api.w.org\/{rel}","templated":true}]}}