{"id":10566,"date":"2024-03-10T04:26:49","date_gmt":"2024-03-10T04:26:49","guid":{"rendered":"https:\/\/glowup.ee\/?post_type=product&#038;p=10566"},"modified":"2024-03-10T05:21:23","modified_gmt":"2024-03-10T05:21:23","slug":"kummist-alusgeel-kira-nails-15-ml","status":"publish","type":"product","link":"https:\/\/glowup.ee\/et\/toode\/kummist-alusgeel-kira-nails-15-ml\/","title":{"rendered":"Kummist alusgeel Kira Nails 15 ml"},"content":{"rendered":"<p>Kummibaas geellakile Kira Nails 15 ml &#8211; aluskiht k\u00fc\u00fcntele. Sellel on keskmise paksusega konsistents, seda on lihtne peale kanda, see ei levi laiali ja jaotub h\u00e4sti k\u00fc\u00fcneplaadil. Suurep\u00e4rane ka k\u00f5ige hapramate k\u00fc\u00fcnte tugevdamiseks. T\u00e4nu kummibaasile saate k\u00fc\u00fcned enne ideaalse manik\u00fc\u00fcri loomist siledaks viimistleda.<\/p>\n<p>Kira Nails Rubber Base 15 ml p\u00f5hilised omadused:<\/p>\n<p>Maht: 15 ml Pol\u00fcmeriseerimisaeg UV-lambis: 2 min. (30 sek. LED)<\/p>\n<p>Tootja: Kira Nails<\/p>\n<p>P\u00e4ritoluriik: Ukraina<\/p>\n","protected":false},"excerpt":{"rendered":"<p>Kummibaas geellakile Kira Nails 15 ml &#8211; aluskiht k\u00fc\u00fcntele. Sellel on keskmise paksusega konsistents, seda on lihtne peale kanda, see<\/p>\n","protected":false},"featured_media":10572,"comment_status":"open","ping_status":"closed","template":"","meta":[],"product_cat":[116,206,207],"product_tag":[],"_links":{"self":[{"href":"https:\/\/glowup.ee\/et\/wp-json\/wp\/v2\/product\/10566"}],"collection":[{"href":"https:\/\/glowup.ee\/et\/wp-json\/wp\/v2\/product"}],"about":[{"href":"https:\/\/glowup.ee\/et\/wp-json\/wp\/v2\/types\/product"}],"replies":[{"embeddable":true,"href":"https:\/\/glowup.ee\/et\/wp-json\/wp\/v2\/comments?post=10566"}],"wp:featuredmedia":[{"embeddable":true,"href":"https:\/\/glowup.ee\/et\/wp-json\/wp\/v2\/media\/10572"}],"wp:attachment":[{"href":"https:\/\/glowup.ee\/et\/wp-json\/wp\/v2\/media?parent=10566"}],"wp:term":[{"taxonomy":"product_cat","embeddable":true,"href":"https:\/\/glowup.ee\/et\/wp-json\/wp\/v2\/product_cat?post=10566"},{"taxonomy":"product_tag","embeddable":true,"href":"https:\/\/glowup.ee\/et\/wp-json\/wp\/v2\/product_tag?post=10566"}],"curies":[{"name":"wp","href":"https:\/\/api.w.org\/{rel}","templated":true}]}}