{"id":10553,"date":"2024-03-09T04:48:27","date_gmt":"2024-03-09T04:48:27","guid":{"rendered":"https:\/\/glowup.ee\/?post_type=product&#038;p=10553"},"modified":"2024-03-10T04:16:56","modified_gmt":"2024-03-10T04:16:56","slug":"kira-nails-kleepumatu-pealislakk-15-ml-no-wipe-top","status":"publish","type":"product","link":"https:\/\/glowup.ee\/et\/toode\/kira-nails-kleepumatu-pealislakk-15-ml-no-wipe-top\/","title":{"rendered":"Kira Nails Kleepumatu Pealislakk 15 ml (No Wipe Top)"},"content":{"rendered":"<p>Kira Nails Kleepumatu Pealislakk 15 ml (No Wipe Top) Viimistluskiht geellakile. Pealislakk on keskmise paksusega, mittevoolav ja jaotub kergesti k\u00fc\u00fcneplaadile. Pakub suurep\u00e4rast katvust juba \u00fche kihiga. K\u00e4itub kandmise ajal h\u00e4sti: s\u00e4ilitab pikka aega s\u00e4rava l\u00e4ike ja tagab katte vastupidavuse.<\/p>\n<p>Kuivamisaeg UV-lambis \u2013 2 minutit, LED-lambis \u2013 30 sekundit. Pol\u00fcmerisatsiooni j\u00e4rel ei j\u00e4ta kleepuvat kihti.<\/p>\n","protected":false},"excerpt":{"rendered":"<p>Kira Nails Kleepumatu Pealislakk 15 ml (No Wipe Top) Viimistluskiht geellakile. Pealislakk on keskmise paksusega, mittevoolav ja jaotub kergesti k\u00fc\u00fcneplaadile.<\/p>\n","protected":false},"featured_media":10556,"comment_status":"open","ping_status":"closed","template":"","meta":[],"product_cat":[116,206,207],"product_tag":[],"_links":{"self":[{"href":"https:\/\/glowup.ee\/et\/wp-json\/wp\/v2\/product\/10553"}],"collection":[{"href":"https:\/\/glowup.ee\/et\/wp-json\/wp\/v2\/product"}],"about":[{"href":"https:\/\/glowup.ee\/et\/wp-json\/wp\/v2\/types\/product"}],"replies":[{"embeddable":true,"href":"https:\/\/glowup.ee\/et\/wp-json\/wp\/v2\/comments?post=10553"}],"wp:featuredmedia":[{"embeddable":true,"href":"https:\/\/glowup.ee\/et\/wp-json\/wp\/v2\/media\/10556"}],"wp:attachment":[{"href":"https:\/\/glowup.ee\/et\/wp-json\/wp\/v2\/media?parent=10553"}],"wp:term":[{"taxonomy":"product_cat","embeddable":true,"href":"https:\/\/glowup.ee\/et\/wp-json\/wp\/v2\/product_cat?post=10553"},{"taxonomy":"product_tag","embeddable":true,"href":"https:\/\/glowup.ee\/et\/wp-json\/wp\/v2\/product_tag?post=10553"}],"curies":[{"name":"wp","href":"https:\/\/api.w.org\/{rel}","templated":true}]}}