{"id":10542,"date":"2024-02-29T13:14:02","date_gmt":"2024-02-29T13:14:02","guid":{"rendered":"https:\/\/glowup.ee\/?post_type=product&#038;p=10542"},"modified":"2024-03-28T04:44:29","modified_gmt":"2024-03-28T04:44:29","slug":"opi-kuuneviil-180-240-komplektis-25-tk","status":"publish","type":"product","link":"https:\/\/glowup.ee\/et\/toode\/opi-kuuneviil-180-240-komplektis-25-tk\/","title":{"rendered":"OPI k\u00fc\u00fcneviil 180\/240 komplektis 25 tk"},"content":{"rendered":"<p>OPI k\u00fc\u00fcneviil 180\/240 komplektis 25 tk on hall ja poolkuu kujuga.<\/p>\n<p>See on suurep\u00e4rane eelarveline valik k\u00fc\u00fcneviili jaoks, eriti algajate meistrite jaoks, kes alles kujundavad oma esialgset t\u00f6\u00f6riistade komplekti.<\/p>\n<p>M\u00f5eldud mitmekordseks kasutamiseks, seda on lihtne desinfitseerida ja see on vastupidav kulumisele.<\/p>\n","protected":false},"excerpt":{"rendered":"<p>OPI k\u00fc\u00fcneviil 180\/240 komplektis 25 tk on hall ja poolkuu kujuga. See on suurep\u00e4rane eelarveline valik k\u00fc\u00fcneviili jaoks, eriti algajate<\/p>\n","protected":false},"featured_media":10540,"comment_status":"open","ping_status":"closed","template":"","meta":[],"product_cat":[114,248],"product_tag":[],"_links":{"self":[{"href":"https:\/\/glowup.ee\/et\/wp-json\/wp\/v2\/product\/10542"}],"collection":[{"href":"https:\/\/glowup.ee\/et\/wp-json\/wp\/v2\/product"}],"about":[{"href":"https:\/\/glowup.ee\/et\/wp-json\/wp\/v2\/types\/product"}],"replies":[{"embeddable":true,"href":"https:\/\/glowup.ee\/et\/wp-json\/wp\/v2\/comments?post=10542"}],"wp:featuredmedia":[{"embeddable":true,"href":"https:\/\/glowup.ee\/et\/wp-json\/wp\/v2\/media\/10540"}],"wp:attachment":[{"href":"https:\/\/glowup.ee\/et\/wp-json\/wp\/v2\/media?parent=10542"}],"wp:term":[{"taxonomy":"product_cat","embeddable":true,"href":"https:\/\/glowup.ee\/et\/wp-json\/wp\/v2\/product_cat?post=10542"},{"taxonomy":"product_tag","embeddable":true,"href":"https:\/\/glowup.ee\/et\/wp-json\/wp\/v2\/product_tag?post=10542"}],"curies":[{"name":"wp","href":"https:\/\/api.w.org\/{rel}","templated":true}]}}