{"id":10527,"date":"2024-02-29T12:59:27","date_gmt":"2024-02-29T12:59:27","guid":{"rendered":"https:\/\/glowup.ee\/?post_type=product&#038;p=10527"},"modified":"2024-02-29T13:04:48","modified_gmt":"2024-02-29T13:04:48","slug":"kira-nails-geellakk-004-roosa-kamuflaaz-prantsuse-manikuuri-jaoks-6-ml-copy","status":"publish","type":"product","link":"https:\/\/glowup.ee\/et\/toode\/kira-nails-geellakk-004-roosa-kamuflaaz-prantsuse-manikuuri-jaoks-6-ml-copy\/","title":{"rendered":"Kira Nails Prantsuse baaspiim 001 15 ml"},"content":{"rendered":"<p>Kira Nails Prantsuse baaspiim 001 15 ml on kamuflaa\u017ekummibaas, mida kasutatakse \u00f5rna nude-katte loomiseks minimaalsete kihtidega ja ka prantsuse manik\u00fc\u00fcri jaoks. Sellel on ilus loomulik toon ja suurep\u00e4rased t\u00f6\u00f6omadused. Baasi on lihtne peale kanda, see tasandub h\u00e4sti ja on kulumiskindel.<\/p>\n<p>Baas on piisavalt tihe, et h\u00e4sti katta k\u00fc\u00fcnenaha, v\u00f5imaldades luua kauni manik\u00fc\u00fcri ning s\u00e4\u00e4sta nii meistri kui ka kliendi aega.<\/p>\n<p>See on asendamatu nude kiire katte loomisel.<\/p>\n","protected":false},"excerpt":{"rendered":"<p>Kira Nails Prantsuse baaspiim 001 15 ml on kamuflaa\u017ekummibaas, mida kasutatakse \u00f5rna nude-katte loomiseks minimaalsete kihtidega ja ka prantsuse manik\u00fc\u00fcri<\/p>\n","protected":false},"featured_media":10536,"comment_status":"open","ping_status":"closed","template":"","meta":[],"product_cat":[116,206],"product_tag":[],"_links":{"self":[{"href":"https:\/\/glowup.ee\/et\/wp-json\/wp\/v2\/product\/10527"}],"collection":[{"href":"https:\/\/glowup.ee\/et\/wp-json\/wp\/v2\/product"}],"about":[{"href":"https:\/\/glowup.ee\/et\/wp-json\/wp\/v2\/types\/product"}],"replies":[{"embeddable":true,"href":"https:\/\/glowup.ee\/et\/wp-json\/wp\/v2\/comments?post=10527"}],"wp:featuredmedia":[{"embeddable":true,"href":"https:\/\/glowup.ee\/et\/wp-json\/wp\/v2\/media\/10536"}],"wp:attachment":[{"href":"https:\/\/glowup.ee\/et\/wp-json\/wp\/v2\/media?parent=10527"}],"wp:term":[{"taxonomy":"product_cat","embeddable":true,"href":"https:\/\/glowup.ee\/et\/wp-json\/wp\/v2\/product_cat?post=10527"},{"taxonomy":"product_tag","embeddable":true,"href":"https:\/\/glowup.ee\/et\/wp-json\/wp\/v2\/product_tag?post=10527"}],"curies":[{"name":"wp","href":"https:\/\/api.w.org\/{rel}","templated":true}]}}