{"id":10378,"date":"2024-02-28T13:41:06","date_gmt":"2024-02-28T13:41:06","guid":{"rendered":"https:\/\/glowup.ee\/product\/kira-nails-geellakk-004-roosa-kamuflaaz-prantsuse-manikuuri-jaoks-6-ml\/"},"modified":"2024-03-18T05:15:46","modified_gmt":"2024-03-18T05:15:46","slug":"kira-nails-geellakk-004-roosa-kamuflaaz-prantsuse-manikuuri-jaoks-6-ml","status":"publish","type":"product","link":"https:\/\/glowup.ee\/et\/toode\/kira-nails-geellakk-004-roosa-kamuflaaz-prantsuse-manikuuri-jaoks-6-ml\/","title":{"rendered":"Kira Nails Geellakk 004 Roosa kamuflaa\u017e prantsuse manik\u00fc\u00fcri jaoks 6 ml"},"content":{"rendered":"<p>Kira Nails Geellakk 004 Roosa kamuflaa\u017e prantsuse manik\u00fc\u00fcri jaoks 6 ml<\/p>\n<p>Kira Nails Geellakk on loodud meistritele meistrite poolt.<\/p>\n<p>Palett on hoolikalt valitud ja sisaldab suurt hulka erinevaid toone.<\/p>\n<p>Geellaki tekstuur on meeldiv t\u00f6\u00f6tada: geellakid on tihedad, paksud ja ei levi \u00fchtlaselt pealekandmisel. Hari on \u00f5huke, ideaalne l\u00fchikestele v\u00e4ikestele k\u00fc\u00fcntele kandmiseks. Geellakid on v\u00e4ga pigmenteeritud, kuid kuivavad suurep\u00e4raselt, enamus neist saab kanda isegi \u00fche kihi tihedalt ja vigadeta.<\/p>\n<p>Need kuivavad h\u00e4sti, tasanduvad kenasti ja lahustuvad kergesti spetsiaalsete vedelike abil.<\/p>\n<p><strong>Maht:<\/strong> 6 ml.<\/p>\n<p><strong>Tootja:<\/strong> Kira Nails.<\/p>\n<p><strong>Tootjariik:<\/strong> Ukraina.<\/p>\n","protected":false},"excerpt":{"rendered":"<p>Kira Nails Geellakk 004 Roosa kamuflaa\u017e prantsuse manik\u00fc\u00fcri jaoks 6 ml Kira Nails Geellakk on loodud meistritele meistrite poolt. Palett<\/p>\n","protected":false},"featured_media":10376,"comment_status":"open","ping_status":"closed","template":"","meta":[],"product_cat":[116,206,231],"product_tag":[],"_links":{"self":[{"href":"https:\/\/glowup.ee\/et\/wp-json\/wp\/v2\/product\/10378"}],"collection":[{"href":"https:\/\/glowup.ee\/et\/wp-json\/wp\/v2\/product"}],"about":[{"href":"https:\/\/glowup.ee\/et\/wp-json\/wp\/v2\/types\/product"}],"replies":[{"embeddable":true,"href":"https:\/\/glowup.ee\/et\/wp-json\/wp\/v2\/comments?post=10378"}],"wp:featuredmedia":[{"embeddable":true,"href":"https:\/\/glowup.ee\/et\/wp-json\/wp\/v2\/media\/10376"}],"wp:attachment":[{"href":"https:\/\/glowup.ee\/et\/wp-json\/wp\/v2\/media?parent=10378"}],"wp:term":[{"taxonomy":"product_cat","embeddable":true,"href":"https:\/\/glowup.ee\/et\/wp-json\/wp\/v2\/product_cat?post=10378"},{"taxonomy":"product_tag","embeddable":true,"href":"https:\/\/glowup.ee\/et\/wp-json\/wp\/v2\/product_tag?post=10378"}],"curies":[{"name":"wp","href":"https:\/\/api.w.org\/{rel}","templated":true}]}}