{"id":10324,"date":"2024-02-12T11:16:41","date_gmt":"2024-02-12T11:16:41","guid":{"rendered":"https:\/\/glowup.ee\/kontaktid\/"},"modified":"2024-02-26T13:44:09","modified_gmt":"2024-02-26T13:44:09","slug":"kontaktid","status":"publish","type":"page","link":"https:\/\/glowup.ee\/et\/kontaktid\/","title":{"rendered":"Kontaktid"},"content":{"rendered":"<div class=\"wpb-content-wrapper\"><p>[vc_row css=&#8221;.vc_custom_1484587700785{margin-bottom: 0px !important;}&#8221;][vc_column css=&#8221;.vc_custom_1708430997634{margin-bottom: 30px !important;padding-top: 0px !important;}&#8221; offset=&#8221;vc_col-lg-12 vc_col-md-4&#8243; woodmart_css_id=&#8221;65d4967961707&#8243; parallax_scroll=&#8221;no&#8221; woodmart_sticky_column=&#8221;false&#8221; wd_collapsible_content_switcher=&#8221;no&#8221; wd_column_role_offcanvas_desktop=&#8221;no&#8221; wd_column_role_offcanvas_tablet=&#8221;no&#8221; wd_column_role_offcanvas_mobile=&#8221;no&#8221; wd_column_role_content_desktop=&#8221;no&#8221; wd_column_role_content_tablet=&#8221;no&#8221; wd_column_role_content_mobile=&#8221;no&#8221; mobile_bg_img_hidden=&#8221;no&#8221; tablet_bg_img_hidden=&#8221;no&#8221; woodmart_parallax=&#8221;0&#8243; woodmart_box_shadow=&#8221;no&#8221; responsive_spacing=&#8221;eyJwYXJhbV90eXBlIjoid29vZG1hcnRfcmVzcG9uc2l2ZV9zcGFjaW5nIiwic2VsZWN0b3JfaWQiOiI2NWQ0OTY3OTYxNzA3Iiwic2hvcnRjb2RlIjoidmNfY29sdW1uIiwiZGF0YSI6eyJ0YWJsZXQiOnt9LCJtb2JpbGUiOnt9fX0=&#8221; mobile_reset_margin=&#8221;no&#8221; tablet_reset_margin=&#8221;no&#8221; wd_z_index=&#8221;no&#8221;]\n\t\t<div id=\"wd-6a04d771c9adf\" class=\"title-wrapper wd-wpb set-mb-s reset-last-child  wd-title-color-default wd-title-style-default text-left vc_custom_1494425607421 wd-underline-colored\">\n\t\t\t\n\t\t\t<div class=\"liner-continer\">\n\t\t\t\t<h4 class=\"woodmart-title-container title  wd-font-weight- wd-fontsize-l\" >Hoiame \u00fchendust<\/h4>\n\t\t\t\t\t\t\t<\/div>\n\t\t\t\n\t\t\t\n\t\t\t\n\t\t<\/div>\n\t\t\n\t\t\t\t<div id=\"wd-65d495a84c81c\" class=\"wd-text-block wd-wpb reset-last-child wd-rs-65d495a84c81c text-left \">\n\t\t\t<p><strong>Ettev\u00f5tja:<\/strong> TuningKoda O\u00dc<br \/>\n<strong>Registreerimisnumber:<\/strong> 14369335<br \/>\n<strong>Asukoht:<\/strong> Harju maakond, Tallinn, Kesklinna linnaosa, Kiisa tn 7-4, 11313<\/p>\n<p><strong>E-post:<\/strong> info[a]glowup.ee<br \/>\n<strong>Telefon:<\/strong> +372 503 5651<\/p>\n<p><strong>T\u00f6\u00f6ajad:<\/strong> Esmasp\u00e4evast p\u00fchap\u00e4evani kell 08:00 kuni 17:00 (UTC +2:00).<\/p>\n\t\t<\/div>\n\t\t[\/vc_column][\/vc_row]<\/p>\n<\/div>","protected":false},"excerpt":{"rendered":"<p>[vc_row css=&#8221;.vc_custom_1484587700785{margin-bottom: 0px !important;}&#8221;][vc_column css=&#8221;.vc_custom_1708430997634{margin-bottom: 30px !important;padding-top: 0px !important;}&#8221; offset=&#8221;vc_col-lg-12 vc_col-md-4&#8243; woodmart_css_id=&#8221;65d4967961707&#8243; parallax_scroll=&#8221;no&#8221; woodmart_sticky_column=&#8221;false&#8221; wd_collapsible_content_switcher=&#8221;no&#8221; wd_column_role_offcanvas_desktop=&#8221;no&#8221; wd_column_role_offcanvas_tablet=&#8221;no&#8221; wd_column_role_offcanvas_mobile=&#8221;no&#8221; wd_column_role_content_desktop=&#8221;no&#8221; wd_column_role_content_tablet=&#8221;no&#8221;<\/p>\n","protected":false},"author":1,"featured_media":0,"parent":0,"menu_order":0,"comment_status":"closed","ping_status":"closed","template":"","meta":{"footnotes":""},"_links":{"self":[{"href":"https:\/\/glowup.ee\/et\/wp-json\/wp\/v2\/pages\/10324"}],"collection":[{"href":"https:\/\/glowup.ee\/et\/wp-json\/wp\/v2\/pages"}],"about":[{"href":"https:\/\/glowup.ee\/et\/wp-json\/wp\/v2\/types\/page"}],"author":[{"embeddable":true,"href":"https:\/\/glowup.ee\/et\/wp-json\/wp\/v2\/users\/1"}],"replies":[{"embeddable":true,"href":"https:\/\/glowup.ee\/et\/wp-json\/wp\/v2\/comments?post=10324"}],"version-history":[{"count":2,"href":"https:\/\/glowup.ee\/et\/wp-json\/wp\/v2\/pages\/10324\/revisions"}],"predecessor-version":[{"id":10326,"href":"https:\/\/glowup.ee\/et\/wp-json\/wp\/v2\/pages\/10324\/revisions\/10326"}],"wp:attachment":[{"href":"https:\/\/glowup.ee\/et\/wp-json\/wp\/v2\/media?parent=10324"}],"curies":[{"name":"wp","href":"https:\/\/api.w.org\/{rel}","templated":true}]}}