{"id":10316,"date":"2024-02-12T11:15:48","date_gmt":"2024-02-12T11:15:48","guid":{"rendered":"https:\/\/glowup.ee\/meist\/"},"modified":"2024-02-26T13:31:28","modified_gmt":"2024-02-26T13:31:28","slug":"meist","status":"publish","type":"page","link":"https:\/\/glowup.ee\/et\/meist\/","title":{"rendered":"Meist"},"content":{"rendered":"<div class=\"wpb-content-wrapper\"><p>[vc_row full_width=&#8221;stretch_row&#8221; content_placement=&#8221;middle&#8221; woodmart_bg_position=&#8221;right-top&#8221; css=&#8221;.vc_custom_1638378078335{margin-bottom: 10px !important;background-position: 0 0 !important;background-repeat: no-repeat !important;}&#8221; woodmart_css_id=&#8221;61a7aa56a478a&#8221; responsive_spacing=&#8221;eyJwYXJhbV90eXBlIjoid29vZG1hcnRfcmVzcG9uc2l2ZV9zcGFjaW5nIiwic2VsZWN0b3JfaWQiOiI2MWE3YWE1NmE0NzhhIiwic2hvcnRjb2RlIjoidmNfcm93IiwiZGF0YSI6eyJ0YWJsZXQiOnsicGFkZGluZy10b3AiOiI2MHB4In0sIm1vYmlsZSI6e319fQ==&#8221; mobile_bg_img_hidden=&#8221;no&#8221; tablet_bg_img_hidden=&#8221;no&#8221; woodmart_parallax=&#8221;0&#8243; woodmart_gradient_switch=&#8221;no&#8221; row_reverse_mobile=&#8221;0&#8243; row_reverse_tablet=&#8221;0&#8243; woodmart_disable_overflow=&#8221;0&#8243; woodmart_box_shadow=&#8221;no&#8221; wd_z_index=&#8221;no&#8221;][vc_column width=&#8221;1\/2&#8243; css=&#8221;.vc_custom_1627997479271{margin-bottom: 20px !important;padding-top: 0px !important;}&#8221; woodmart_css_id=&#8221;610945259c32f&#8221; responsive_spacing=&#8221;eyJwYXJhbV90eXBlIjoid29vZG1hcnRfcmVzcG9uc2l2ZV9zcGFjaW5nIiwic2VsZWN0b3JfaWQiOiI2MTA5NDUyNTljMzJmIiwic2hvcnRjb2RlIjoidmNfY29sdW1uIiwiZGF0YSI6eyJ0YWJsZXQiOnt9LCJtb2JpbGUiOnt9fX0=&#8221; parallax_scroll=&#8221;no&#8221; mobile_bg_img_hidden=&#8221;no&#8221; tablet_bg_img_hidden=&#8221;no&#8221; woodmart_parallax=&#8221;0&#8243; woodmart_sticky_column=&#8221;false&#8221; mobile_reset_margin=&#8221;no&#8221; tablet_reset_margin=&#8221;no&#8221;]\t\t<div id=\"gallery_707\" class=\"wd-images-gallery wd-rs-65d47e3d3d9cb wd-justify-center wd-items-middle view-masonry photoswipe-images\" >\n\t\t\t<div class=\"gallery-images row wd-spacing-6\">\n\t\t\t\t\t\t\t\t\t\t\t\t\t\t\t<div class=\"wd-gallery-item col-lg-6 col-md-6 col-sm-6 col-6\">\n\t\t\t\t\t\t\t\t\t\t\t\t\t\t<a href=\"https:\/\/glowup.ee\/wp-content\/uploads\/2024\/02\/about_1-1.jpg\" data-elementor-open-lightbox=\"no\" data-index=\"1\" data-width=\"400\" data-height=\"548\"  >\n\t\t\t\t\t\t\t\t\n\t\t\t\t\t\t\t\t\t\t\t\t\t\t\t\t\t<img loading=\"lazy\" decoding=\"async\" width=\"400\" height=\"548\" src=\"https:\/\/glowup.ee\/wp-content\/uploads\/2024\/02\/about_1-1.jpg\" class=\"wd-gallery-image image-1 attachment-full\" alt=\"\" title=\"about_1\" srcset=\"https:\/\/glowup.ee\/wp-content\/uploads\/2024\/02\/about_1-1.jpg 400w, https:\/\/glowup.ee\/wp-content\/uploads\/2024\/02\/about_1-1-219x300.jpg 219w, https:\/\/glowup.ee\/wp-content\/uploads\/2024\/02\/about_1-1-150x206.jpg 150w\" sizes=\"(max-width: 400px) 100vw, 400px\" \/>\t\t\t\t\t\t\t\t\n\n\t\t\t\t\t\t\t\t\t\t\t\t\t\t\t<\/a>\n\t\t\t\t\t\t\t\t\t\t\t\t<\/div>\n\t\t\t\t\t\t\t\t\t\t\t<div class=\"wd-gallery-item col-lg-6 col-md-6 col-sm-6 col-6\">\n\t\t\t\t\t\t\t\t\t\t\t\t\t\t<a href=\"https:\/\/glowup.ee\/wp-content\/uploads\/2024\/02\/about_2.jpg\" data-elementor-open-lightbox=\"no\" data-index=\"2\" data-width=\"400\" data-height=\"269\"  >\n\t\t\t\t\t\t\t\t\n\t\t\t\t\t\t\t\t\t\t\t\t\t\t\t\t\t<img loading=\"lazy\" decoding=\"async\" width=\"400\" height=\"269\" src=\"https:\/\/glowup.ee\/wp-content\/uploads\/2024\/02\/about_2.jpg\" class=\"wd-gallery-image image-2 attachment-full\" alt=\"\" title=\"about_2\" srcset=\"https:\/\/glowup.ee\/wp-content\/uploads\/2024\/02\/about_2.jpg 400w, https:\/\/glowup.ee\/wp-content\/uploads\/2024\/02\/about_2-150x101.jpg 150w\" sizes=\"(max-width: 400px) 100vw, 400px\" \/>\t\t\t\t\t\t\t\t\n\n\t\t\t\t\t\t\t\t\t\t\t\t\t\t\t<\/a>\n\t\t\t\t\t\t\t\t\t\t\t\t<\/div>\n\t\t\t\t\t\t\t\t\t\t\t<div class=\"wd-gallery-item col-lg-6 col-md-6 col-sm-6 col-6\">\n\t\t\t\t\t\t\t\t\t\t\t\t\t\t<a href=\"https:\/\/glowup.ee\/wp-content\/uploads\/2024\/02\/about_3.jpg\" data-elementor-open-lightbox=\"no\" data-index=\"3\" data-width=\"400\" data-height=\"269\"  >\n\t\t\t\t\t\t\t\t\n\t\t\t\t\t\t\t\t\t\t\t\t\t\t\t\t\t<img loading=\"lazy\" decoding=\"async\" width=\"400\" height=\"269\" src=\"https:\/\/glowup.ee\/wp-content\/uploads\/2024\/02\/about_3.jpg\" class=\"wd-gallery-image image-3 attachment-full\" alt=\"\" title=\"about_3\" srcset=\"https:\/\/glowup.ee\/wp-content\/uploads\/2024\/02\/about_3.jpg 400w, https:\/\/glowup.ee\/wp-content\/uploads\/2024\/02\/about_3-150x101.jpg 150w\" sizes=\"(max-width: 400px) 100vw, 400px\" \/>\t\t\t\t\t\t\t\t\n\n\t\t\t\t\t\t\t\t\t\t\t\t\t\t\t<\/a>\n\t\t\t\t\t\t\t\t\t\t\t\t<\/div>\n\t\t\t\t\t\t\t\t\t\t\t\t<\/div>\n\t\t<\/div>\n\t\t\t\t[\/vc_column][vc_column width=&#8221;1\/2&#8243; css=&#8221;.vc_custom_1627997475630{padding-top: 0px !important;}&#8221; woodmart_css_id=&#8221;610945202aa44&#8243; responsive_spacing=&#8221;eyJwYXJhbV90eXBlIjoid29vZG1hcnRfcmVzcG9uc2l2ZV9zcGFjaW5nIiwic2VsZWN0b3JfaWQiOiI2MTA5NDUyMDJhYTQ0Iiwic2hvcnRjb2RlIjoidmNfY29sdW1uIiwiZGF0YSI6eyJ0YWJsZXQiOnt9LCJtb2JpbGUiOnt9fX0=&#8221; parallax_scroll=&#8221;no&#8221; mobile_bg_img_hidden=&#8221;no&#8221; tablet_bg_img_hidden=&#8221;no&#8221; woodmart_parallax=&#8221;0&#8243; woodmart_sticky_column=&#8221;false&#8221; mobile_reset_margin=&#8221;no&#8221; tablet_reset_margin=&#8221;no&#8221;]\n\t\t<div id=\"wd-65d475d8b352a\" class=\"title-wrapper wd-wpb set-mb-s reset-last-child  wd-rs-65d475d8b352a wd-title-color-default wd-title-style-default text-left vc_custom_1708422683871 wd-underline-bordered\">\n\t\t\t\n\t\t\t<div class=\"liner-continer\">\n\t\t\t\t<h4 class=\"woodmart-title-container title  wd-font-weight-300 wd-fontsize-l\" ><strong><u>Glowup.ee<\/u><\/strong>- Avasta oma t\u00e4ielik manik\u00fc\u00fcri paradiis<\/h4>\n\t\t\t\t\t\t\t<\/div>\n\t\t\t\n\t\t\t\n\t\t\t\n\t\t<\/div>\n\t\t\n\t\t\t\t<div id=\"wd-65d47f082b80d\" class=\"wd-text-block wd-wpb reset-last-child wd-rs-65d47f082b80d text-left wd-fontsize-custom vc_custom_1708424977306\">\n\t\t\t<p>Tere tulemast Glowup.ee &#8211; teie l\u00f5plikku sihtkohta k\u00f5igi oma manik\u00fc\u00fcri ja pedik\u00fc\u00fcri oluliste vahendite jaoks!<\/p>\n<p>Meie spetsialiseerume <strong>kvaliteetsete tarvikute pakkumisele k\u00fc\u00fcnetehnikutele<\/strong> \u00fcle maailma. Meie kiire maailmakaubanduse ja tellimuste saatmise 1\u20132 p\u00e4eva jooksul saate loota meile kiireks kohaletoimetamiseks.<\/p>\n<p>Uurige meie laia tootevalikut, sealhulgas geellakke, manik\u00fc\u00fcrikomplekte, puure ja kinnitusi, k\u00fc\u00fcnelampe ja palju muud. Olete professionaal v\u00f5i DIY entusiast, glowup.ee&#8217;l on k\u00f5ik, mida vajate oma k\u00fc\u00fcnhooldusrutiini t\u00e4iustamiseks. Ostke kohe ja kogege s\u00e4ra!<\/p>\n\t\t<\/div>\n\t\t[vc_separator color=&#8221;custom&#8221; accent_color=&#8221;#efefef&#8221;][\/vc_column][\/vc_row][vc_row css=&#8221;.vc_custom_1627997469457{margin-bottom: 80px !important;}&#8221; woodmart_css_id=&#8221;610945117ba97&#8243; responsive_spacing=&#8221;eyJwYXJhbV90eXBlIjoid29vZG1hcnRfcmVzcG9uc2l2ZV9zcGFjaW5nIiwic2VsZWN0b3JfaWQiOiI2MTA5NDUxMTdiYTk3Iiwic2hvcnRjb2RlIjoidmNfcm93IiwiZGF0YSI6eyJ0YWJsZXQiOnsibWFyZ2luLWJvdHRvbSI6IjYwIn0sIm1vYmlsZSI6eyJtYXJnaW4tYm90dG9tIjoiNDAifX19&#8243; mobile_bg_img_hidden=&#8221;no&#8221; tablet_bg_img_hidden=&#8221;no&#8221; woodmart_parallax=&#8221;0&#8243; woodmart_gradient_switch=&#8221;no&#8221; row_reverse_mobile=&#8221;0&#8243; row_reverse_tablet=&#8221;0&#8243; woodmart_disable_overflow=&#8221;0&#8243;][vc_column css=&#8221;.vc_custom_1496841267690{border-right-width: 1px !important;padding-top: 20px !important;padding-right: 10% !important;padding-bottom: 20px !important;padding-left: 10% !important;border-right-color: rgba(129,129,129,0.2) !important;border-right-style: solid !important;}&#8221; offset=&#8221;vc_col-lg-4 vc_col-md-4&#8243;]\t\t\t<div class=\"info-box-wrapper\">\n\t\t\t\t<div id=\"wd-65d4798841a45\" class=\" wd-rs-65d4798841a45 wd-info-box wd-wpb text-left box-icon-align-left box-style- color-scheme- wd-bg-none wd-items-top vc_custom_1708423600429\"  >\n\t\t\t\t\t\t\t\t\t\t\t<div class=\"box-icon-wrapper  box-with-icon box-icon-simple\">\n\t\t\t\t\t\t\t<div class=\"info-box-icon\">\n\n\t\t\t\t\t\t\t\n\t\t\t\t\t\t\t\t\t\t\t\t\t\t\t\t\t<img decoding=\"async\" class=\"info-icon image-1 \" src=\"https:\/\/glowup.ee\/wp-content\/uploads\/2024\/02\/3615733_delivery_domestic-ems_express_global_logistics_icon.png\" width=\"64\" height=\"64\" alt=\"3615733_delivery_domestic-ems_express_global_logistics_icon\" title=\"3615733_delivery_domestic-ems_express_global_logistics_icon\" loading=\"lazy\" \/>\t\t\t\t\t\t\t\t\t\t\t\t\t\t\t\n\t\t\t\t\t\t\t<\/div>\n\t\t\t\t\t\t<\/div>\n\t\t\t\t\t\t\t\t\t\t<div class=\"info-box-content\">\n\t\t\t\t\t\t<h4 class=\"info-box-title title box-title-style-default wd-fontsize-m\">Maailmakaubandus Eestist<\/h4>\t\t\t\t\t\t<div class=\"info-box-inner set-cont-mb-s reset-last-child\">\n\t\t\t\t\t\t\t<p>Meie tellimuste t\u00f6\u00f6tlemise aeg on 1\u20132 t\u00f6\u00f6p\u00e4eva laos olevatele toodetele.<\/p>\n\t\t\t\t\t\t<\/div>\n\n\t\t\t\t\t\t\t\t\t\t\t<\/div>\n\n\t\t\t\t\t\t\t\t\t<\/div>\n\t\t\t<\/div>\n\t\t[\/vc_column][vc_column css=&#8221;.vc_custom_1496841274194{border-right-width: 1px !important;padding-top: 20px !important;padding-right: 10% !important;padding-bottom: 20px !important;padding-left: 10% !important;border-right-color: rgba(129,129,129,0.2) !important;border-right-style: solid !important;}&#8221; offset=&#8221;vc_col-lg-4 vc_col-md-4&#8243;]\t\t\t<div class=\"info-box-wrapper\">\n\t\t\t\t<div id=\"wd-65d479b4a6c0f\" class=\" wd-rs-65d479b4a6c0f wd-info-box wd-wpb text-left box-icon-align-left box-style- color-scheme- wd-bg-none wd-items-top vc_custom_1708423637205\"  >\n\t\t\t\t\t\t\t\t\t\t\t<div class=\"box-icon-wrapper  box-with-icon box-icon-simple\">\n\t\t\t\t\t\t\t<div class=\"info-box-icon\">\n\n\t\t\t\t\t\t\t\n\t\t\t\t\t\t\t\t\t\t\t\t\t\t\t\t\t<img decoding=\"async\" class=\"info-icon image-1 \" src=\"https:\/\/glowup.ee\/wp-content\/uploads\/2024\/02\/3709752_attitude_caring_favourite_feeling_service_icon.png\" width=\"64\" height=\"64\" alt=\"3709752_attitude_caring_favourite_feeling_service_icon\" title=\"3709752_attitude_caring_favourite_feeling_service_icon\" loading=\"lazy\" \/>\t\t\t\t\t\t\t\t\t\t\t\t\t\t\t\n\t\t\t\t\t\t\t<\/div>\n\t\t\t\t\t\t<\/div>\n\t\t\t\t\t\t\t\t\t\t<div class=\"info-box-content\">\n\t\t\t\t\t\t<h4 class=\"info-box-title title box-title-style-default wd-fontsize-m\">Klienditeenindus<\/h4>\t\t\t\t\t\t<div class=\"info-box-inner set-cont-mb-s reset-last-child\">\n\t\t\t\t\t\t\t<p>V\u00f5tke meiega \u00fchendust 24 tundi \u00f6\u00f6p\u00e4evas, 7 p\u00e4eva n\u00e4dalas parima klienditeeninduse saamiseks!<\/p>\n\t\t\t\t\t\t<\/div>\n\n\t\t\t\t\t\t\t\t\t\t\t<\/div>\n\n\t\t\t\t\t\t\t\t\t<\/div>\n\t\t\t<\/div>\n\t\t[\/vc_column][vc_column css=&#8221;.vc_custom_1496841281249{padding-top: 20px !important;padding-right: 10% !important;padding-bottom: 20px !important;padding-left: 10% !important;}&#8221; offset=&#8221;vc_col-lg-4 vc_col-md-4&#8243;]\t\t\t<div class=\"info-box-wrapper\">\n\t\t\t\t<div id=\"wd-65d479d89fcca\" class=\" wd-rs-65d479d89fcca wd-info-box wd-wpb text-left box-icon-align-left box-style- color-scheme- wd-bg-none wd-items-top vc_custom_1708423667468\"  >\n\t\t\t\t\t\t\t\t\t\t\t<div class=\"box-icon-wrapper  box-with-icon box-icon-simple\">\n\t\t\t\t\t\t\t<div class=\"info-box-icon\">\n\n\t\t\t\t\t\t\t\n\t\t\t\t\t\t\t\t\t\t\t\t\t\t\t\t\t<img decoding=\"async\" class=\"info-icon image-1 \" src=\"https:\/\/glowup.ee\/wp-content\/uploads\/2024\/02\/290143_cash_money_payment_wallet_icon.png\" width=\"64\" height=\"64\" alt=\"290143_cash_money_payment_wallet_icon\" title=\"290143_cash_money_payment_wallet_icon\" loading=\"lazy\" \/>\t\t\t\t\t\t\t\t\t\t\t\t\t\t\t\n\t\t\t\t\t\t\t<\/div>\n\t\t\t\t\t\t<\/div>\n\t\t\t\t\t\t\t\t\t\t<div class=\"info-box-content\">\n\t\t\t\t\t\t<h4 class=\"info-box-title title box-title-style-default wd-fontsize-m\">Kiire makse<\/h4>\t\t\t\t\t\t<div class=\"info-box-inner set-cont-mb-s reset-last-child\">\n\t\t\t\t\t\t\t<p>PayPal, Visa, Mastercard ja American Express<\/p>\n\t\t\t\t\t\t<\/div>\n\n\t\t\t\t\t\t\t\t\t\t\t<\/div>\n\n\t\t\t\t\t\t\t\t\t<\/div>\n\t\t\t<\/div>\n\t\t[\/vc_column][\/vc_row]<\/p>\n<\/div>","protected":false},"excerpt":{"rendered":"<p>[vc_row full_width=&#8221;stretch_row&#8221; content_placement=&#8221;middle&#8221; woodmart_bg_position=&#8221;right-top&#8221; css=&#8221;.vc_custom_1638378078335{margin-bottom: 10px !important;background-position: 0 0 !important;background-repeat: no-repeat !important;}&#8221; woodmart_css_id=&#8221;61a7aa56a478a&#8221; responsive_spacing=&#8221;eyJwYXJhbV90eXBlIjoid29vZG1hcnRfcmVzcG9uc2l2ZV9zcGFjaW5nIiwic2VsZWN0b3JfaWQiOiI2MWE3YWE1NmE0NzhhIiwic2hvcnRjb2RlIjoidmNfcm93IiwiZGF0YSI6eyJ0YWJsZXQiOnsicGFkZGluZy10b3AiOiI2MHB4In0sIm1vYmlsZSI6e319fQ==&#8221; mobile_bg_img_hidden=&#8221;no&#8221; tablet_bg_img_hidden=&#8221;no&#8221; woodmart_parallax=&#8221;0&#8243; woodmart_gradient_switch=&#8221;no&#8221; row_reverse_mobile=&#8221;0&#8243; row_reverse_tablet=&#8221;0&#8243;<\/p>\n","protected":false},"author":1,"featured_media":0,"parent":0,"menu_order":0,"comment_status":"closed","ping_status":"closed","template":"","meta":{"footnotes":""},"_links":{"self":[{"href":"https:\/\/glowup.ee\/et\/wp-json\/wp\/v2\/pages\/10316"}],"collection":[{"href":"https:\/\/glowup.ee\/et\/wp-json\/wp\/v2\/pages"}],"about":[{"href":"https:\/\/glowup.ee\/et\/wp-json\/wp\/v2\/types\/page"}],"author":[{"embeddable":true,"href":"https:\/\/glowup.ee\/et\/wp-json\/wp\/v2\/users\/1"}],"replies":[{"embeddable":true,"href":"https:\/\/glowup.ee\/et\/wp-json\/wp\/v2\/comments?post=10316"}],"version-history":[{"count":3,"href":"https:\/\/glowup.ee\/et\/wp-json\/wp\/v2\/pages\/10316\/revisions"}],"predecessor-version":[{"id":10319,"href":"https:\/\/glowup.ee\/et\/wp-json\/wp\/v2\/pages\/10316\/revisions\/10319"}],"wp:attachment":[{"href":"https:\/\/glowup.ee\/et\/wp-json\/wp\/v2\/media?parent=10316"}],"curies":[{"name":"wp","href":"https:\/\/api.w.org\/{rel}","templated":true}]}}